{"id":1716,"date":"2025-05-15T08:07:39","date_gmt":"2025-05-15T08:07:39","guid":{"rendered":"https:\/\/alberguevallada.com\/?page_id=1716"},"modified":"2025-05-15T08:53:17","modified_gmt":"2025-05-15T08:53:17","slug":"noticies","status":"publish","type":"page","link":"https:\/\/alberguevallada.com\/val\/noticies\/","title":{"rendered":"Blog"},"content":{"rendered":"<div data-elementor-type=\"wp-page\" data-elementor-id=\"1716\" class=\"elementor elementor-1716\" data-elementor-post-type=\"page\">\n\t\t\t\t\t\t<section class=\"elementor-section elementor-top-section elementor-element elementor-element-04546dc elementor-section-full_width elementor-section-height-min-height elementor-section-height-default elementor-section-items-middle\" data-id=\"04546dc\" data-element_type=\"section\" data-e-type=\"section\" data-settings=\"{&quot;background_background&quot;:&quot;classic&quot;}\">\n\t\t\t\t\t\t<div class=\"elementor-container elementor-column-gap-default\">\n\t\t\t\t\t<div class=\"elementor-column elementor-col-100 elementor-top-column elementor-element elementor-element-4cb0c64\" data-id=\"4cb0c64\" data-element_type=\"column\" data-e-type=\"column\">\n\t\t\t<div class=\"elementor-widget-wrap elementor-element-populated\">\n\t\t\t\t\t\t<div class=\"elementor-element elementor-element-5e2ec24 elementor-widget elementor-widget-heading\" data-id=\"5e2ec24\" data-element_type=\"widget\" data-e-type=\"widget\" data-widget_type=\"heading.default\">\n\t\t\t\t<div class=\"elementor-widget-container\">\n\t\t\t\t\t<h1 class=\"elementor-heading-title elementor-size-default\">Blog<\/h1>\t\t\t\t<\/div>\n\t\t\t\t<\/div>\n\t\t\t\t\t<\/div>\n\t\t<\/div>\n\t\t\t\t\t<\/div>\n\t\t<\/section>\n\t\t<div class=\"elementor-element elementor-element-0d1afc4 e-flex e-con-boxed e-con e-parent\" data-id=\"0d1afc4\" data-element_type=\"container\" data-e-type=\"container\">\n\t\t\t\t\t<div class=\"e-con-inner\">\n\t\t\t\t<div class=\"elementor-element elementor-element-6867a6e elementor-grid-3 elementor-grid-tablet-2 elementor-grid-mobile-1 elementor-posts--thumbnail-top elementor-card-shadow-yes elementor-posts__hover-gradient elementor-widget elementor-widget-posts\" data-id=\"6867a6e\" data-element_type=\"widget\" data-e-type=\"widget\" data-settings=\"{&quot;cards_columns&quot;:&quot;3&quot;,&quot;cards_columns_tablet&quot;:&quot;2&quot;,&quot;cards_columns_mobile&quot;:&quot;1&quot;,&quot;cards_row_gap&quot;:{&quot;unit&quot;:&quot;px&quot;,&quot;size&quot;:35,&quot;sizes&quot;:[]},&quot;cards_row_gap_tablet&quot;:{&quot;unit&quot;:&quot;px&quot;,&quot;size&quot;:&quot;&quot;,&quot;sizes&quot;:[]},&quot;cards_row_gap_mobile&quot;:{&quot;unit&quot;:&quot;px&quot;,&quot;size&quot;:&quot;&quot;,&quot;sizes&quot;:[]}}\" data-widget_type=\"posts.cards\">\n\t\t\t\t<div class=\"elementor-widget-container\">\n\t\t\t\t\t\t\t<div class=\"elementor-posts-container elementor-posts elementor-posts--skin-cards elementor-grid\">\n\t\t\t\t<article class=\"elementor-post elementor-grid-item post-1763 post type-post status-publish format-standard has-post-thumbnail hentry category-blog\">\n\t\t\t<div class=\"elementor-post__card\">\n\t\t\t\t<a class=\"elementor-post__thumbnail__link\" href=\"https:\/\/alberguevallada.com\/val\/noticies\/on-hi-ha-la-serra-denguera\/\" tabindex=\"-1\" ><div class=\"elementor-post__thumbnail\"><img fetchpriority=\"high\" decoding=\"async\" width=\"800\" height=\"264\" src=\"https:\/\/alberguevallada.com\/wp-content\/uploads\/2025\/05\/sierra-de-enguera-1024x338.jpg\" class=\"attachment-large size-large wp-image-1765\" alt=\"\" srcset=\"https:\/\/alberguevallada.com\/wp-content\/uploads\/2025\/05\/sierra-de-enguera-1024x338.jpg 1024w, https:\/\/alberguevallada.com\/wp-content\/uploads\/2025\/05\/sierra-de-enguera-300x99.jpg 300w, https:\/\/alberguevallada.com\/wp-content\/uploads\/2025\/05\/sierra-de-enguera-768x253.jpg 768w, https:\/\/alberguevallada.com\/wp-content\/uploads\/2025\/05\/sierra-de-enguera-1536x506.jpg 1536w, https:\/\/alberguevallada.com\/wp-content\/uploads\/2025\/05\/sierra-de-enguera-18x6.jpg 18w, https:\/\/alberguevallada.com\/wp-content\/uploads\/2025\/05\/sierra-de-enguera.jpg 1820w\" sizes=\"(max-width: 800px) 100vw, 800px\" \/><\/div><\/a>\n\t\t\t\t<div class=\"elementor-post__text\">\n\t\t\t\t<h2 class=\"elementor-post__title\">\n\t\t\t<a href=\"https:\/\/alberguevallada.com\/val\/noticies\/on-hi-ha-la-serra-denguera\/\" >\n\t\t\t\tOn \u00e9s la Serra d&#039;Enguera?\t\t\t<\/a>\n\t\t<\/h2>\n\t\t\t\t<div class=\"elementor-post__excerpt\">\n\t\t\t<p>La Serra d&#039;Enguera \u00e9s un mass\u00eds muntany\u00f3s situat a la comarca de la Canal de Navarr\u00e9s, al sud de la prov\u00edncia de Val\u00e8ncia. Forma part del sistema preb\u00e8tic i s&#039;al\u00e7a entre els termes municipals d&#039;Enguera, Anna i<\/p>\n\t\t<\/div>\n\t\t\n\t\t<a class=\"elementor-post__read-more\" href=\"https:\/\/alberguevallada.com\/val\/noticies\/on-hi-ha-la-serra-denguera\/\" aria-label=\"Read more about \u00bfD\u00f3nde est\u00e1 la Sierra de Enguera?\" tabindex=\"-1\" >\n\t\t\tLlegir m\u00e9s \u00bb\t\t<\/a>\n\n\t\t\t\t<\/div>\n\t\t\t\t\t<\/div>\n\t\t<\/article>\n\t\t\t\t<article class=\"elementor-post elementor-grid-item post-1756 post type-post status-publish format-standard has-post-thumbnail hentry category-blog\">\n\t\t\t<div class=\"elementor-post__card\">\n\t\t\t\t<a class=\"elementor-post__thumbnail__link\" href=\"https:\/\/alberguevallada.com\/val\/noticies\/com-pujar-a-la-serra-grossa\/\" tabindex=\"-1\" ><div class=\"elementor-post__thumbnail\"><img decoding=\"async\" width=\"800\" height=\"264\" src=\"https:\/\/alberguevallada.com\/wp-content\/uploads\/2025\/05\/serra-grossa-1024x338.jpg\" class=\"attachment-large size-large wp-image-1758\" alt=\"serra grossa\" srcset=\"https:\/\/alberguevallada.com\/wp-content\/uploads\/2025\/05\/serra-grossa-1024x338.jpg 1024w, https:\/\/alberguevallada.com\/wp-content\/uploads\/2025\/05\/serra-grossa-300x99.jpg 300w, https:\/\/alberguevallada.com\/wp-content\/uploads\/2025\/05\/serra-grossa-768x253.jpg 768w, https:\/\/alberguevallada.com\/wp-content\/uploads\/2025\/05\/serra-grossa-1536x506.jpg 1536w, https:\/\/alberguevallada.com\/wp-content\/uploads\/2025\/05\/serra-grossa-18x6.jpg 18w, https:\/\/alberguevallada.com\/wp-content\/uploads\/2025\/05\/serra-grossa.jpg 1820w\" sizes=\"(max-width: 800px) 100vw, 800px\" \/><\/div><\/a>\n\t\t\t\t<div class=\"elementor-post__text\">\n\t\t\t\t<h2 class=\"elementor-post__title\">\n\t\t\t<a href=\"https:\/\/alberguevallada.com\/val\/noticies\/com-pujar-a-la-serra-grossa\/\" >\n\t\t\t\tCom pujar a la Serra Grossa?\t\t\t<\/a>\n\t\t<\/h2>\n\t\t\t\t<div class=\"elementor-post__excerpt\">\n\t\t\t<p>Pujar la Serra Grossa \u00e9s una experi\u00e8ncia gratificant i accessible per a grups escolars, aficionats al senderisme i fam\u00edlies que s&#039;allotgen a l&#039;Alberg Las Ermitas de Vallada. En aquesta guia trobareu tots els detalls per planificar l&#039;ascensi\u00f3: des de<\/p>\n\t\t<\/div>\n\t\t\n\t\t<a class=\"elementor-post__read-more\" href=\"https:\/\/alberguevallada.com\/val\/noticies\/com-pujar-a-la-serra-grossa\/\" aria-label=\"Read more about \u00bfC\u00f3mo subir a la Serra Grossa?\" tabindex=\"-1\" >\n\t\t\tLlegir m\u00e9s \u00bb\t\t<\/a>\n\n\t\t\t\t<\/div>\n\t\t\t\t\t<\/div>\n\t\t<\/article>\n\t\t\t\t<article class=\"elementor-post elementor-grid-item post-1727 post type-post status-publish format-standard has-post-thumbnail hentry category-blog\">\n\t\t\t<div class=\"elementor-post__card\">\n\t\t\t\t<a class=\"elementor-post__thumbnail__link\" href=\"https:\/\/alberguevallada.com\/val\/noticies\/a-veure-en-tancada\/\" tabindex=\"-1\" ><div class=\"elementor-post__thumbnail\"><img decoding=\"async\" width=\"800\" height=\"264\" src=\"https:\/\/alberguevallada.com\/wp-content\/uploads\/2025\/05\/vallada-1024x338.jpg\" class=\"attachment-large size-large wp-image-1737\" alt=\"tancada\" srcset=\"https:\/\/alberguevallada.com\/wp-content\/uploads\/2025\/05\/vallada-1024x338.jpg 1024w, https:\/\/alberguevallada.com\/wp-content\/uploads\/2025\/05\/vallada-300x99.jpg 300w, https:\/\/alberguevallada.com\/wp-content\/uploads\/2025\/05\/vallada-768x253.jpg 768w, https:\/\/alberguevallada.com\/wp-content\/uploads\/2025\/05\/vallada-1536x506.jpg 1536w, https:\/\/alberguevallada.com\/wp-content\/uploads\/2025\/05\/vallada-18x6.jpg 18w, https:\/\/alberguevallada.com\/wp-content\/uploads\/2025\/05\/vallada.jpg 1820w\" sizes=\"(max-width: 800px) 100vw, 800px\" \/><\/div><\/a>\n\t\t\t\t<div class=\"elementor-post__text\">\n\t\t\t\t<h2 class=\"elementor-post__title\">\n\t\t\t<a href=\"https:\/\/alberguevallada.com\/val\/noticies\/a-veure-en-tancada\/\" >\n\t\t\t\tQu\u00e8 veure a Vallada?\t\t\t<\/a>\n\t\t<\/h2>\n\t\t\t\t<div class=\"elementor-post__excerpt\">\n\t\t\t<p>Vallada, al costat de l&#039;Alberg Las Ermitas, \u00e9s una destinaci\u00f3 ideal per a excursions escolars i fuites en grup. Les muntanyes, fonts i vestigis hist\u00f2rics es combinen per oferir una experi\u00e8ncia rica en aprenentatge, aventura i descans. Aqu\u00ed trobar\u00e0s des de paratges naturals<\/p>\n\t\t<\/div>\n\t\t\n\t\t<a class=\"elementor-post__read-more\" href=\"https:\/\/alberguevallada.com\/val\/noticies\/a-veure-en-tancada\/\" aria-label=\"Read more about \u00bfQu\u00e9 ver en Vallada?\" tabindex=\"-1\" >\n\t\t\tLlegir m\u00e9s \u00bb\t\t<\/a>\n\n\t\t\t\t<\/div>\n\t\t\t\t\t<\/div>\n\t\t<\/article>\n\t\t\t\t<\/div>\n\t\t\n\t\t\t\t\t\t<\/div>\n\t\t\t\t<\/div>\n\t\t\t\t\t<\/div>\n\t\t\t\t<\/div>\n\t\t\t\t<\/div>","protected":false},"excerpt":{"rendered":"<p>Blog<\/p>","protected":false},"author":2,"featured_media":0,"parent":0,"menu_order":0,"comment_status":"closed","ping_status":"closed","template":"","meta":{"footnotes":""},"class_list":["post-1716","page","type-page","status-publish","hentry"],"yoast_head":"<!-- This site is optimized with the Yoast SEO plugin v25.1 - https:\/\/yoast.com\/wordpress\/plugins\/seo\/ -->\n<title>Blog del Albergue Las Ermitas en Vallada<\/title>\n<meta name=\"description\" content=\"Descubre actividades, rutas y consejos para organizar excursiones escolares y escapadas en familia en Vallada desde el Albergue Las Ermitas.\" \/>\n<meta name=\"robots\" content=\"index, follow, max-snippet:-1, max-image-preview:large, max-video-preview:-1\" \/>\n<link rel=\"canonical\" href=\"https:\/\/alberguevallada.com\/val\/noticies\/\" \/>\n<meta property=\"og:locale\" content=\"ca_ES\" \/>\n<meta property=\"og:type\" content=\"article\" \/>\n<meta property=\"og:title\" content=\"Blog del Albergue Las Ermitas en Vallada\" \/>\n<meta property=\"og:description\" content=\"Descubre actividades, rutas y consejos para organizar excursiones escolares y escapadas en familia en Vallada desde el Albergue Las Ermitas.\" \/>\n<meta property=\"og:url\" content=\"https:\/\/alberguevallada.com\/val\/noticies\/\" \/>\n<meta property=\"og:site_name\" content=\"Albergue Las Ermitas de Vallada\" \/>\n<meta property=\"article:modified_time\" content=\"2025-05-15T08:53:17+00:00\" \/>\n<meta name=\"twitter:card\" content=\"summary_large_image\" \/>\n<meta name=\"twitter:label1\" content=\"Temps estimat de lectura\" \/>\n\t<meta name=\"twitter:data1\" content=\"1 minut\" \/>\n<script type=\"application\/ld+json\" class=\"yoast-schema-graph\">{\"@context\":\"https:\/\/schema.org\",\"@graph\":[{\"@type\":\"WebPage\",\"@id\":\"https:\/\/alberguevallada.com\/noticias\/\",\"url\":\"https:\/\/alberguevallada.com\/noticias\/\",\"name\":\"Blog del Albergue Las Ermitas en Vallada\",\"isPartOf\":{\"@id\":\"https:\/\/alberguevallada.com\/#website\"},\"datePublished\":\"2025-05-15T08:07:39+00:00\",\"dateModified\":\"2025-05-15T08:53:17+00:00\",\"description\":\"Descubre actividades, rutas y consejos para organizar excursiones escolares y escapadas en familia en Vallada desde el Albergue Las Ermitas.\",\"breadcrumb\":{\"@id\":\"https:\/\/alberguevallada.com\/noticias\/#breadcrumb\"},\"inLanguage\":\"ca\",\"potentialAction\":[{\"@type\":\"ReadAction\",\"target\":[\"https:\/\/alberguevallada.com\/noticias\/\"]}]},{\"@type\":\"BreadcrumbList\",\"@id\":\"https:\/\/alberguevallada.com\/noticias\/#breadcrumb\",\"itemListElement\":[{\"@type\":\"ListItem\",\"position\":1,\"name\":\"Portada\",\"item\":\"https:\/\/alberguevallada.com\/\"},{\"@type\":\"ListItem\",\"position\":2,\"name\":\"Blog\"}]},{\"@type\":\"WebSite\",\"@id\":\"https:\/\/alberguevallada.com\/#website\",\"url\":\"https:\/\/alberguevallada.com\/\",\"name\":\"Albergue Las Ermitas de Vallada\",\"description\":\"Naturaleza, deporte y buena comida\",\"publisher\":{\"@id\":\"https:\/\/alberguevallada.com\/#organization\"},\"potentialAction\":[{\"@type\":\"SearchAction\",\"target\":{\"@type\":\"EntryPoint\",\"urlTemplate\":\"https:\/\/alberguevallada.com\/?s={search_term_string}\"},\"query-input\":{\"@type\":\"PropertyValueSpecification\",\"valueRequired\":true,\"valueName\":\"search_term_string\"}}],\"inLanguage\":\"ca\"},{\"@type\":\"Organization\",\"@id\":\"https:\/\/alberguevallada.com\/#organization\",\"name\":\"Albergue Las Ermitas de Vallada\",\"url\":\"https:\/\/alberguevallada.com\/\",\"logo\":{\"@type\":\"ImageObject\",\"inLanguage\":\"ca\",\"@id\":\"https:\/\/alberguevallada.com\/#\/schema\/logo\/image\/\",\"url\":\"https:\/\/alberguevallada.com\/wp-content\/uploads\/2023\/02\/fav.png\",\"contentUrl\":\"https:\/\/alberguevallada.com\/wp-content\/uploads\/2023\/02\/fav.png\",\"width\":512,\"height\":512,\"caption\":\"Albergue Las Ermitas de Vallada\"},\"image\":{\"@id\":\"https:\/\/alberguevallada.com\/#\/schema\/logo\/image\/\"}}]}<\/script>\n<!-- \/ Yoast SEO plugin. -->","yoast_head_json":{"title":"Blog de l&#039;Alberg Les Ermites a Vallada","description":"Descobriu activitats, rutes i consells per organitzar excursions escolars i escapades en fam\u00edlia a Vallada des de l&#039;Alberg Las Ermitas.","robots":{"index":"index","follow":"follow","max-snippet":"max-snippet:-1","max-image-preview":"max-image-preview:large","max-video-preview":"max-video-preview:-1"},"canonical":"https:\/\/alberguevallada.com\/val\/noticies\/","og_locale":"ca_ES","og_type":"article","og_title":"Blog del Albergue Las Ermitas en Vallada","og_description":"Descubre actividades, rutas y consejos para organizar excursiones escolares y escapadas en familia en Vallada desde el Albergue Las Ermitas.","og_url":"https:\/\/alberguevallada.com\/val\/noticies\/","og_site_name":"Albergue Las Ermitas de Vallada","article_modified_time":"2025-05-15T08:53:17+00:00","twitter_card":"summary_large_image","twitter_misc":{"Temps estimat de lectura":"1 minut"},"schema":{"@context":"https:\/\/schema.org","@graph":[{"@type":"WebPage","@id":"https:\/\/alberguevallada.com\/noticias\/","url":"https:\/\/alberguevallada.com\/noticias\/","name":"Blog de l&#039;Alberg Les Ermites a Vallada","isPartOf":{"@id":"https:\/\/alberguevallada.com\/#website"},"datePublished":"2025-05-15T08:07:39+00:00","dateModified":"2025-05-15T08:53:17+00:00","description":"Descobriu activitats, rutes i consells per organitzar excursions escolars i escapades en fam\u00edlia a Vallada des de l&#039;Alberg Las Ermitas.","breadcrumb":{"@id":"https:\/\/alberguevallada.com\/noticias\/#breadcrumb"},"inLanguage":"ca","potentialAction":[{"@type":"ReadAction","target":["https:\/\/alberguevallada.com\/noticias\/"]}]},{"@type":"BreadcrumbList","@id":"https:\/\/alberguevallada.com\/noticias\/#breadcrumb","itemListElement":[{"@type":"ListItem","position":1,"name":"Portada","item":"https:\/\/alberguevallada.com\/"},{"@type":"ListItem","position":2,"name":"Blog"}]},{"@type":"WebSite","@id":"https:\/\/alberguevallada.com\/#website","url":"https:\/\/alberguevallada.com\/","name":"Alberg Les Ermites de Vallada","description":"Natura, esport i bon menjar","publisher":{"@id":"https:\/\/alberguevallada.com\/#organization"},"potentialAction":[{"@type":"SearchAction","target":{"@type":"EntryPoint","urlTemplate":"https:\/\/alberguevallada.com\/?s={search_term_string}"},"query-input":{"@type":"PropertyValueSpecification","valueRequired":true,"valueName":"search_term_string"}}],"inLanguage":"ca"},{"@type":"Organization","@id":"https:\/\/alberguevallada.com\/#organization","name":"Alberg Les Ermites de Vallada","url":"https:\/\/alberguevallada.com\/","logo":{"@type":"ImageObject","inLanguage":"ca","@id":"https:\/\/alberguevallada.com\/#\/schema\/logo\/image\/","url":"https:\/\/alberguevallada.com\/wp-content\/uploads\/2023\/02\/fav.png","contentUrl":"https:\/\/alberguevallada.com\/wp-content\/uploads\/2023\/02\/fav.png","width":512,"height":512,"caption":"Albergue Las Ermitas de Vallada"},"image":{"@id":"https:\/\/alberguevallada.com\/#\/schema\/logo\/image\/"}}]}},"_links":{"self":[{"href":"https:\/\/alberguevallada.com\/val\/wp-json\/wp\/v2\/pages\/1716","targetHints":{"allow":["GET"]}}],"collection":[{"href":"https:\/\/alberguevallada.com\/val\/wp-json\/wp\/v2\/pages"}],"about":[{"href":"https:\/\/alberguevallada.com\/val\/wp-json\/wp\/v2\/types\/page"}],"author":[{"embeddable":true,"href":"https:\/\/alberguevallada.com\/val\/wp-json\/wp\/v2\/users\/2"}],"replies":[{"embeddable":true,"href":"https:\/\/alberguevallada.com\/val\/wp-json\/wp\/v2\/comments?post=1716"}],"version-history":[{"count":11,"href":"https:\/\/alberguevallada.com\/val\/wp-json\/wp\/v2\/pages\/1716\/revisions"}],"predecessor-version":[{"id":1744,"href":"https:\/\/alberguevallada.com\/val\/wp-json\/wp\/v2\/pages\/1716\/revisions\/1744"}],"wp:attachment":[{"href":"https:\/\/alberguevallada.com\/val\/wp-json\/wp\/v2\/media?parent=1716"}],"curies":[{"name":"wp","href":"https:\/\/api.w.org\/{rel}","templated":true}]}}