{"id":1247,"date":"2025-02-20T12:00:59","date_gmt":"2025-02-20T12:00:59","guid":{"rendered":"https:\/\/alberguevallada.com\/?page_id=1247"},"modified":"2025-02-20T13:05:49","modified_gmt":"2025-02-20T13:05:49","slug":"wettelijke-kennisgeving","status":"publish","type":"page","link":"https:\/\/alberguevallada.com\/nl\/wettelijke-kennisgeving\/","title":{"rendered":"Wettelijke kennisgeving"},"content":{"rendered":"<div data-elementor-type=\"wp-page\" data-elementor-id=\"1247\" class=\"elementor elementor-1247\" data-elementor-post-type=\"page\">\n\t\t\t\t<div class=\"elementor-element elementor-element-9894ed3 e-flex e-con-boxed e-con e-parent\" data-id=\"9894ed3\" data-element_type=\"container\" data-e-type=\"container\">\n\t\t\t\t\t<div class=\"e-con-inner\">\n\t\t\t\t<div class=\"elementor-element elementor-element-585cf7c elementor-widget elementor-widget-spacer\" data-id=\"585cf7c\" data-element_type=\"widget\" data-e-type=\"widget\" data-widget_type=\"spacer.default\">\n\t\t\t\t<div class=\"elementor-widget-container\">\n\t\t\t\t\t\t\t<div class=\"elementor-spacer\">\n\t\t\t<div class=\"elementor-spacer-inner\"><\/div>\n\t\t<\/div>\n\t\t\t\t\t\t<\/div>\n\t\t\t\t<\/div>\n\t\t\t\t<div class=\"elementor-element elementor-element-4b36e11 elementor-widget elementor-widget-heading\" data-id=\"4b36e11\" data-element_type=\"widget\" data-e-type=\"widget\" data-widget_type=\"heading.default\">\n\t\t\t\t<div class=\"elementor-widget-container\">\n\t\t\t\t\t<h1 class=\"elementor-heading-title elementor-size-default\">Wettelijke kennisgeving<\/h1>\t\t\t\t<\/div>\n\t\t\t\t<\/div>\n\t\t\t\t<div class=\"elementor-element elementor-element-c879c2d elementor-widget elementor-widget-text-editor\" data-id=\"c879c2d\" data-element_type=\"widget\" data-e-type=\"widget\" data-widget_type=\"text-editor.default\">\n\t\t\t\t<div class=\"elementor-widget-container\">\n\t\t\t\t\t\t\t\t\t<h2>1. DOEL<\/h2>\n<p>Deze wettelijke kennisgeving regelt het gebruik en het gebruik van de website https:\/\/alberguevallada.com\/, eigendom van ALBERTO MENGUAL PITARCH (hierna, DE WEBSITE-EIGENAAR). Het surfen op de website van DE EIGENAAR VAN DE WEBSITE brengt de status van GEBRUIKER van dezelfde website met zich mee en houdt de volledige en onvoorwaardelijke aanvaarding in van elk van de voorwaarden die in deze wettelijke kennisgeving worden gepubliceerd, waarbij wordt gewaarschuwd dat deze voorwaarden kunnen worden gewijzigd zonder voorafgaande kennisgeving door DE EIGENAAR VAN DE WEBSITE, in welk geval ze zo lang mogelijk van tevoren zullen worden gepubliceerd en bekendgemaakt. Het is daarom raadzaam om de inhoud ervan zorgvuldig te lezen als u toegang wilt krijgen tot en gebruik wilt maken van de informatie en diensten die op deze website worden aangeboden. De gebruiker verbindt zich er ook toe de website correct te gebruiken in overeenstemming met de wet, de goede trouw, de openbare orde, het gebruik van het verkeer en deze juridische kennisgeving, en is aansprakelijk ten opzichte van de EIGENAAR VAN DE WEBSITE of ten opzichte van derden voor alle schade die kan worden veroorzaakt als gevolg van een inbreuk op deze verplichting.<\/p>\n<p>Elk ander gebruik dan het toegestane is uitdrukkelijk verboden en DE WEBSITE EIGENAAR kan te allen tijde de toegang en het gebruik ontzeggen of intrekken.<\/p>\n<p><br><\/p>\n<h2>2. IDENTIFICATIE<\/h2>\n<p>DE EIGENAAR VAN DE WEBSITE, in overeenstemming met Wet 34\/2002, van 11 juli, betreffende diensten van de informatiemaatschappij en elektronische handel, informeert u dat:<\/p>\n<ul>\n<li>De bedrijfsnaam is: ALBERTO MENGUAL PITARCH<\/li>\n<li>Het BTW-nummer is: 22570046P<\/li>\n<li>De maatschappelijke zetel is gevestigd te: AV. DEULA n\u00ba7 4B, SERRA, VALENCIA.<\/li>\n<\/ul>\n<div><br><\/div>\n<h2>3. COMMUNICATIE<\/h2>\n<p>Om met ons te communiceren, bieden wij u verschillende contactmogelijkheden die hieronder worden beschreven E-mail: info@alberguevallada.com Alle kennisgevingen en mededelingen tussen gebruikers en de EIGENAAR VAN DE WEBSITE worden geacht effectief te zijn, voor alle doeleinden, wanneer ze worden gedaan via een van de bovenstaande middelen.<\/p>\n<p><br><\/p>\n<h2>4. VOORWAARDEN VOOR TOEGANG EN GEBRUIK<\/h2>\n<p>De website en zijn diensten zijn vrij toegankelijk en gratis. De EIGENAAR VAN DE WEBSITE kan het gebruik van sommige diensten die op zijn website worden aangeboden echter afhankelijk stellen van het voorafgaand invullen van het overeenkomstige formulier. De gebruiker staat in voor de authenticiteit en actualiteit van alle aan de EIGENAAR VAN DE WEBSITE verstrekte gegevens en is als enige verantwoordelijk voor eventuele onjuiste of onnauwkeurige verklaringen. De gebruiker verbindt zich er uitdrukkelijk toe de inhoud en diensten van de EIGENAAR VAN DE WEBSITE op gepaste wijze te gebruiken en niet te gebruiken voor onder andere:<\/p>\n<ul>\n<li>Verspreiden van criminele, gewelddadige, pornografische, racistische, xenofobe, beledigende of terroristische inhoud of, in het algemeen, inhoud die in strijd is met de wet of de openbare orde.<\/li>\n<li>computervirussen in het netwerk te introduceren of handelingen uit te voeren die elektronische documenten, gegevens of fysieke en logische systemen van de EIGENAAR VAN DE WEBSITE of derden kunnen wijzigen, beschadigen, onderbreken of fouten of schade kunnen veroorzaken; alsmede de toegang van andere gebruikers tot de website en zijn diensten te belemmeren door het massale gebruik van computerbronnen waarmee de EIGENAAR VAN DE WEBSITE zijn diensten levert.<\/li>\n<li>Pogingen om toegang te krijgen tot de e-mailaccounts van andere gebruikers of beperkte delen van de computersystemen van de WEBSITE EIGENAAR of derden en, indien van toepassing, informatie te extraheren.<\/li>\n<li>Inbreuk te maken op intellectuele of industri\u00eble eigendomsrechten en de vertrouwelijkheid van informatie van de WEBSITE-EIGENAAR of derden te schenden.<\/li>\n<li>Zich voordoen als een andere gebruiker.<\/li>\n<li>Het reproduceren, kopi\u00ebren, distribueren, beschikbaar maken of enige andere vorm van openbare communicatie, transformeren of wijzigen van de inhoud, tenzij dit is toegestaan door de eigenaar van de bijbehorende rechten of wettelijk is toegestaan.<\/li>\n<li>Gegevens te verzamelen voor reclamedoeleinden en reclame van welke aard dan ook en communicatie voor verkoop of andere commerci\u00eble doeleinden te versturen zonder voorafgaand verzoek of toestemming.<\/li>\n<\/ul>\n<p>Alle inhoud van de website, zoals teksten, foto's, grafieken, beelden, iconen, technologie, software, evenals het grafisch ontwerp en de broncodes, vormen een werk waarvan het eigendom toebehoort aan de EIGENAAR VAN DE WEBSITE, en geen van de exploitatierechten ervan kan worden opgevat als overgedragen aan de gebruiker buiten datgene wat strikt noodzakelijk is voor het correcte gebruik van de website. Kortom, gebruikers die zich toegang verschaffen tot deze website mogen de inhoud bekijken en, indien van toepassing, toegestane priv\u00e9kopie\u00ebn maken zolang de gereproduceerde elementen niet worden overgedragen aan derden, niet worden ge\u00efnstalleerd op servers die verbonden zijn met netwerken en niet worden onderworpen aan enige vorm van exploitatie. Evenzo zijn alle handelsmerken, handelsnamen of onderscheidende tekens van welke aard dan ook die op de website voorkomen eigendom van de EIGENAAR VAN DE WEBSITE, zonder dat het gebruik of de toegang ertoe de gebruiker enig recht hierop verleent. De verspreiding, wijziging, overdracht of openbare mededeling van de inhoud en elke andere handeling die niet uitdrukkelijk is toegestaan door de eigenaar van de exploitatierechten zijn verboden. Het plaatsen van een hyperlink impliceert in geen geval het bestaan van een relatie tussen de EIGENAAR VAN DE WEBSITE en de eigenaar van de website waarop de hyperlink is geplaatst, noch de aanvaarding en goedkeuring door de EIGENAAR VAN DE WEBSITE van de inhoud of diensten ervan. De EIGENAAR VAN DE WEBSITE is niet verantwoordelijk voor het gebruik dat elke gebruiker maakt van het materiaal dat op deze website beschikbaar wordt gesteld, noch voor de handelingen die op basis hiervan worden verricht.<\/p><p><br><\/p>\n<h3>4.1. UITSLUITING VAN GARANTIES EN AANSPRAKELIJKHEID VOOR TOEGANG EN GEBRUIK<\/h3>\n<p>De inhoud van deze website is van algemene aard en dient uitsluitend ter informatie, en de toegang tot alle inhoud is niet volledig gegarandeerd, noch de volledigheid, juistheid, geldigheid of actualiteit ervan, noch de geschiktheid of bruikbaarheid voor een specifiek doel. De EIGENAAR VAN DE WEBSITE sluit, voor zover wettelijk toegestaan, elke aansprakelijkheid uit voor schade van welke aard dan ook die voortvloeit uit:<\/p>\n<ul>\n<li>De onmogelijkheid om toegang te krijgen tot de website of het gebrek aan waarheidsgetrouwheid, nauwkeurigheid, volledigheid en\/of tijdigheid van de inhoud, evenals het bestaan van ondeugden en gebreken van welke aard dan ook in de inhoud die wordt verzonden, verspreid, opgeslagen, beschikbaar gesteld, toegankelijk gemaakt via de website of de aangeboden diensten.<\/li>\n<li>De aanwezigheid van virussen of andere elementen in de inhoud die wijzigingen in computersystemen, elektronische documenten of gebruikersgegevens kunnen veroorzaken.<\/li>\n<li>Niet-naleving van de wet, goede trouw, openbare orde, verkeersgebruik en deze wettelijke kennisgeving als gevolg van oneigenlijk gebruik van de website. In het bijzonder, en bij wijze van voorbeeld, is de EIGENAAR VAN DE WEBSITE niet verantwoordelijk voor de handelingen van derden die intellectuele en industri\u00eble eigendomsrechten, bedrijfsgeheimen schenden,<br>het recht op eer, het recht op persoonlijke levenssfeer en gezinssfeer en het recht op een eigen imago, evenals de regels inzake oneerlijke concurrentie en ongeoorloofde reclame.<\/li>\n<\/ul>\n<p>Evenzo wijst de EIGENAAR VAN DE WEBSITE elke verantwoordelijkheid af voor informatie die zich buiten deze website bevindt en niet rechtstreeks door onze webmaster wordt beheerd. De functie van de links op deze website is uitsluitend om de gebruiker te informeren over het bestaan van andere bronnen die de op deze website aangeboden inhoud kunnen uitbreiden. De EIGENAAR VAN DE WEBSITE garandeert noch is verantwoordelijk voor de werking of toegankelijkheid van de gelinkte sites; noch suggereert, nodigt of beveelt hij een bezoek aan deze sites aan, noch is hij verantwoordelijk voor de verkregen resultaten. De WEBSITE EIGENAAR is niet verantwoordelijk voor de totstandkoming van hyperlinks door derden.<\/p><p><br><\/p>\n<h3>4.2. PROCEDURE IN GEVAL VAN ONWETTIGE ACTIVITEITEN<\/h3>\n<p>In het geval dat een gebruiker of derde partij van mening is dat er feiten of omstandigheden zijn die het onwettige karakter aantonen van het gebruik van enige inhoud en\/of het uitvoeren van enige activiteit op de webpagina's die zijn opgenomen of toegankelijk zijn via de website, dienen zij een kennisgeving te sturen naar de EIGENAAR VAN DE WEBSITE met vermelding van hun identiteit en de vermeende overtredingen.<\/p><p><br><\/p>\n<h3>4.3. PUBLICATIES<\/h3>\n<p>De administratieve informatie die via de website wordt verstrekt, is geen vervanging van de wettelijke publicatie van wetten, verordeningen, plannen, algemene bepalingen en besluiten die formeel moeten worden gepubliceerd in de offici\u00eble tijdschriften van de overheidsdiensten, die het enige instrument zijn dat de authenticiteit en inhoud ervan bevestigt. De informatie die beschikbaar is op deze website moet worden gezien als een gids zonder rechtsgeldig doel.<\/p><p><br><\/p>\n<h2>5. TOEPASSELIJK RECHT<\/h2>\n<p>Op deze voorwaarden is de geldende Spaanse wetgeving van toepassing. De gebruikte taal is het Spaans.<\/p>\t\t\t\t\t\t\t\t<\/div>\n\t\t\t\t<\/div>\n\t\t\t\t<div class=\"elementor-element elementor-element-16a4829 elementor-widget elementor-widget-spacer\" data-id=\"16a4829\" data-element_type=\"widget\" data-e-type=\"widget\" data-widget_type=\"spacer.default\">\n\t\t\t\t<div class=\"elementor-widget-container\">\n\t\t\t\t\t\t\t<div class=\"elementor-spacer\">\n\t\t\t<div class=\"elementor-spacer-inner\"><\/div>\n\t\t<\/div>\n\t\t\t\t\t\t<\/div>\n\t\t\t\t<\/div>\n\t\t\t\t\t<\/div>\n\t\t\t\t<\/div>\n\t\t\t\t<\/div>","protected":false},"excerpt":{"rendered":"<p>Aviso legal 1. OBJETO El presente aviso legal regula el uso y utilizaci\u00f3n del sitio web https:\/\/alberguevallada.com\/, del que es titular ALBERTO MENGUAL PITARCH (en adelante, EL PROPIETARIO DE LA WEB). La navegaci\u00f3n por el sitio web de EL PROPIETARIO DE LA WEB le atribuye la condici\u00f3n de USUARIO del mismo y conlleva su aceptaci\u00f3n [&hellip;]<\/p>\n","protected":false},"author":2,"featured_media":0,"parent":0,"menu_order":0,"comment_status":"closed","ping_status":"closed","template":"","meta":{"footnotes":""},"class_list":["post-1247","page","type-page","status-publish","hentry"],"yoast_head":"<!-- This site is optimized with the Yoast SEO plugin v25.1 - https:\/\/yoast.com\/wordpress\/plugins\/seo\/ -->\n<title>Aviso legal - Albergue Las Ermitas de Vallada<\/title>\n<meta name=\"description\" content=\"Consulta el Aviso Legal de Albergue Vallada y conoce nuestras condiciones de uso, privacidad y derechos legales. Transparencia y confianza.\" \/>\n<meta name=\"robots\" content=\"index, follow, max-snippet:-1, max-image-preview:large, max-video-preview:-1\" \/>\n<link rel=\"canonical\" href=\"https:\/\/alberguevallada.com\/nl\/wettelijke-kennisgeving\/\" \/>\n<meta property=\"og:locale\" content=\"nl_NL\" \/>\n<meta property=\"og:type\" content=\"article\" \/>\n<meta property=\"og:title\" content=\"Aviso legal - Albergue Las Ermitas de Vallada\" \/>\n<meta property=\"og:description\" content=\"Consulta el Aviso Legal de Albergue Vallada y conoce nuestras condiciones de uso, privacidad y derechos legales. Transparencia y confianza.\" \/>\n<meta property=\"og:url\" content=\"https:\/\/alberguevallada.com\/nl\/wettelijke-kennisgeving\/\" \/>\n<meta property=\"og:site_name\" content=\"Albergue Las Ermitas de Vallada\" \/>\n<meta property=\"article:modified_time\" content=\"2025-02-20T13:05:49+00:00\" \/>\n<meta name=\"twitter:card\" content=\"summary_large_image\" \/>\n<meta name=\"twitter:label1\" content=\"Geschatte leestijd\" \/>\n\t<meta name=\"twitter:data1\" content=\"7 minuten\" \/>\n<script type=\"application\/ld+json\" class=\"yoast-schema-graph\">{\"@context\":\"https:\/\/schema.org\",\"@graph\":[{\"@type\":\"WebPage\",\"@id\":\"https:\/\/alberguevallada.com\/aviso-legal\/\",\"url\":\"https:\/\/alberguevallada.com\/aviso-legal\/\",\"name\":\"Aviso legal - Albergue Las Ermitas de Vallada\",\"isPartOf\":{\"@id\":\"https:\/\/alberguevallada.com\/#website\"},\"datePublished\":\"2025-02-20T12:00:59+00:00\",\"dateModified\":\"2025-02-20T13:05:49+00:00\",\"description\":\"Consulta el Aviso Legal de Albergue Vallada y conoce nuestras condiciones de uso, privacidad y derechos legales. Transparencia y confianza.\",\"breadcrumb\":{\"@id\":\"https:\/\/alberguevallada.com\/aviso-legal\/#breadcrumb\"},\"inLanguage\":\"nl-NL\",\"potentialAction\":[{\"@type\":\"ReadAction\",\"target\":[\"https:\/\/alberguevallada.com\/aviso-legal\/\"]}]},{\"@type\":\"BreadcrumbList\",\"@id\":\"https:\/\/alberguevallada.com\/aviso-legal\/#breadcrumb\",\"itemListElement\":[{\"@type\":\"ListItem\",\"position\":1,\"name\":\"Portada\",\"item\":\"https:\/\/alberguevallada.com\/\"},{\"@type\":\"ListItem\",\"position\":2,\"name\":\"Aviso legal\"}]},{\"@type\":\"WebSite\",\"@id\":\"https:\/\/alberguevallada.com\/#website\",\"url\":\"https:\/\/alberguevallada.com\/\",\"name\":\"Albergue Las Ermitas de Vallada\",\"description\":\"Naturaleza, deporte y buena comida\",\"publisher\":{\"@id\":\"https:\/\/alberguevallada.com\/#organization\"},\"potentialAction\":[{\"@type\":\"SearchAction\",\"target\":{\"@type\":\"EntryPoint\",\"urlTemplate\":\"https:\/\/alberguevallada.com\/?s={search_term_string}\"},\"query-input\":{\"@type\":\"PropertyValueSpecification\",\"valueRequired\":true,\"valueName\":\"search_term_string\"}}],\"inLanguage\":\"nl-NL\"},{\"@type\":\"Organization\",\"@id\":\"https:\/\/alberguevallada.com\/#organization\",\"name\":\"Albergue Las Ermitas de Vallada\",\"url\":\"https:\/\/alberguevallada.com\/\",\"logo\":{\"@type\":\"ImageObject\",\"inLanguage\":\"nl-NL\",\"@id\":\"https:\/\/alberguevallada.com\/#\/schema\/logo\/image\/\",\"url\":\"https:\/\/alberguevallada.com\/wp-content\/uploads\/2023\/02\/fav.png\",\"contentUrl\":\"https:\/\/alberguevallada.com\/wp-content\/uploads\/2023\/02\/fav.png\",\"width\":512,\"height\":512,\"caption\":\"Albergue Las Ermitas de Vallada\"},\"image\":{\"@id\":\"https:\/\/alberguevallada.com\/#\/schema\/logo\/image\/\"}}]}<\/script>\n<!-- \/ Yoast SEO plugin. -->","yoast_head_json":{"title":"Wettelijke vermeldingen - Hostel Las Ermitas de Vallada","description":"Raadpleeg de Juridische kennisgeving van Albergue Vallada en ken onze gebruiksvoorwaarden, privacy en wettelijke rechten. Transparantie en vertrouwen.","robots":{"index":"index","follow":"follow","max-snippet":"max-snippet:-1","max-image-preview":"max-image-preview:large","max-video-preview":"max-video-preview:-1"},"canonical":"https:\/\/alberguevallada.com\/nl\/wettelijke-kennisgeving\/","og_locale":"nl_NL","og_type":"article","og_title":"Aviso legal - Albergue Las Ermitas de Vallada","og_description":"Consulta el Aviso Legal de Albergue Vallada y conoce nuestras condiciones de uso, privacidad y derechos legales. Transparencia y confianza.","og_url":"https:\/\/alberguevallada.com\/nl\/wettelijke-kennisgeving\/","og_site_name":"Albergue Las Ermitas de Vallada","article_modified_time":"2025-02-20T13:05:49+00:00","twitter_card":"summary_large_image","twitter_misc":{"Geschatte leestijd":"7 minuten"},"schema":{"@context":"https:\/\/schema.org","@graph":[{"@type":"WebPage","@id":"https:\/\/alberguevallada.com\/aviso-legal\/","url":"https:\/\/alberguevallada.com\/aviso-legal\/","name":"Wettelijke vermeldingen - Hostel Las Ermitas de Vallada","isPartOf":{"@id":"https:\/\/alberguevallada.com\/#website"},"datePublished":"2025-02-20T12:00:59+00:00","dateModified":"2025-02-20T13:05:49+00:00","description":"Raadpleeg de Juridische kennisgeving van Albergue Vallada en ken onze gebruiksvoorwaarden, privacy en wettelijke rechten. Transparantie en vertrouwen.","breadcrumb":{"@id":"https:\/\/alberguevallada.com\/aviso-legal\/#breadcrumb"},"inLanguage":"nl-NL","potentialAction":[{"@type":"ReadAction","target":["https:\/\/alberguevallada.com\/aviso-legal\/"]}]},{"@type":"BreadcrumbList","@id":"https:\/\/alberguevallada.com\/aviso-legal\/#breadcrumb","itemListElement":[{"@type":"ListItem","position":1,"name":"Portada","item":"https:\/\/alberguevallada.com\/"},{"@type":"ListItem","position":2,"name":"Aviso legal"}]},{"@type":"WebSite","@id":"https:\/\/alberguevallada.com\/#website","url":"https:\/\/alberguevallada.com\/","name":"Las Ermitas de Vallada Hostel","description":"Natuur, sport en lekker eten","publisher":{"@id":"https:\/\/alberguevallada.com\/#organization"},"potentialAction":[{"@type":"SearchAction","target":{"@type":"EntryPoint","urlTemplate":"https:\/\/alberguevallada.com\/?s={search_term_string}"},"query-input":{"@type":"PropertyValueSpecification","valueRequired":true,"valueName":"search_term_string"}}],"inLanguage":"nl-NL"},{"@type":"Organization","@id":"https:\/\/alberguevallada.com\/#organization","name":"Las Ermitas de Vallada Hostel","url":"https:\/\/alberguevallada.com\/","logo":{"@type":"ImageObject","inLanguage":"nl-NL","@id":"https:\/\/alberguevallada.com\/#\/schema\/logo\/image\/","url":"https:\/\/alberguevallada.com\/wp-content\/uploads\/2023\/02\/fav.png","contentUrl":"https:\/\/alberguevallada.com\/wp-content\/uploads\/2023\/02\/fav.png","width":512,"height":512,"caption":"Albergue Las Ermitas de Vallada"},"image":{"@id":"https:\/\/alberguevallada.com\/#\/schema\/logo\/image\/"}}]}},"_links":{"self":[{"href":"https:\/\/alberguevallada.com\/nl\/wp-json\/wp\/v2\/pages\/1247","targetHints":{"allow":["GET"]}}],"collection":[{"href":"https:\/\/alberguevallada.com\/nl\/wp-json\/wp\/v2\/pages"}],"about":[{"href":"https:\/\/alberguevallada.com\/nl\/wp-json\/wp\/v2\/types\/page"}],"author":[{"embeddable":true,"href":"https:\/\/alberguevallada.com\/nl\/wp-json\/wp\/v2\/users\/2"}],"replies":[{"embeddable":true,"href":"https:\/\/alberguevallada.com\/nl\/wp-json\/wp\/v2\/comments?post=1247"}],"version-history":[{"count":4,"href":"https:\/\/alberguevallada.com\/nl\/wp-json\/wp\/v2\/pages\/1247\/revisions"}],"predecessor-version":[{"id":1251,"href":"https:\/\/alberguevallada.com\/nl\/wp-json\/wp\/v2\/pages\/1247\/revisions\/1251"}],"wp:attachment":[{"href":"https:\/\/alberguevallada.com\/nl\/wp-json\/wp\/v2\/media?parent=1247"}],"curies":[{"name":"wp","href":"https:\/\/api.w.org\/{rel}","templated":true}]}}