{"id":1239,"date":"2025-02-20T11:49:52","date_gmt":"2025-02-20T11:49:52","guid":{"rendered":"https:\/\/alberguevallada.com\/?page_id=1239"},"modified":"2025-02-20T13:10:30","modified_gmt":"2025-02-20T13:10:30","slug":"cookiebeleid","status":"publish","type":"page","link":"https:\/\/alberguevallada.com\/nl\/cookiebeleid\/","title":{"rendered":"Cookies beleid"},"content":{"rendered":"<div data-elementor-type=\"wp-page\" data-elementor-id=\"1239\" class=\"elementor elementor-1239\" data-elementor-post-type=\"page\">\n\t\t\t\t<div class=\"elementor-element elementor-element-9894ed3 e-flex e-con-boxed e-con e-parent\" data-id=\"9894ed3\" data-element_type=\"container\" data-e-type=\"container\">\n\t\t\t\t\t<div class=\"e-con-inner\">\n\t\t\t\t<div class=\"elementor-element elementor-element-585cf7c elementor-widget elementor-widget-spacer\" data-id=\"585cf7c\" data-element_type=\"widget\" data-e-type=\"widget\" data-widget_type=\"spacer.default\">\n\t\t\t\t<div class=\"elementor-widget-container\">\n\t\t\t\t\t\t\t<div class=\"elementor-spacer\">\n\t\t\t<div class=\"elementor-spacer-inner\"><\/div>\n\t\t<\/div>\n\t\t\t\t\t\t<\/div>\n\t\t\t\t<\/div>\n\t\t\t\t<div class=\"elementor-element elementor-element-4b36e11 elementor-widget elementor-widget-heading\" data-id=\"4b36e11\" data-element_type=\"widget\" data-e-type=\"widget\" data-widget_type=\"heading.default\">\n\t\t\t\t<div class=\"elementor-widget-container\">\n\t\t\t\t\t<h1 class=\"elementor-heading-title elementor-size-default\">Cookies beleid<\/h1>\t\t\t\t<\/div>\n\t\t\t\t<\/div>\n\t\t\t\t<div class=\"elementor-element elementor-element-c879c2d elementor-widget elementor-widget-text-editor\" data-id=\"c879c2d\" data-element_type=\"widget\" data-e-type=\"widget\" data-widget_type=\"text-editor.default\">\n\t\t\t\t<div class=\"elementor-widget-container\">\n\t\t\t\t\t\t\t\t\t<p>De website maakt gebruik van een verkeersanalysator die gebruik maakt van kleine informatiebestanden, \"cookies\" genaamd, die de server naar de computer van de persoon die toegang heeft tot de website stuurt voor de correcte werking en visualisatie van de websites door de gebruiker, en voor het verzamelen van statistische gegevens over het gebruik van en het surfen op onze website. We kunnen informatie over uw computer verzamelen, waaronder, indien van toepassing, uw IP-adres, besturingssysteem en browsertype. Cookies bevatten informatie die wordt overgebracht naar de harde schijf van uw computer.<span class=\"Apple-converted-space\">&nbsp;<\/span><\/p>\n<p>Cookies helpen ons ook om onze website te verbeteren en een betere en persoonlijkere service te bieden. Ze stellen ons met name in staat om:<span class=\"Apple-converted-space\">&nbsp;<\/span><\/p>\n<ul>\n<li>Schatten van aantallen en gebruikspatronen.<\/li>\n<li>Informatie over uw voorkeuren opslaan en onze website personaliseren op basis van uw individuele interesses.<\/li>\n<li>Versnel je zoekopdrachten.<\/li>\n<li>U herkennen wanneer u terugkeert naar onze site.<\/li>\n<\/ul><div><br><\/div>\n<h3>ACCEPTATIE EN\/OF AFWIJZING VAN HET COOKIEBELEID<\/h3>\n<p>Deze website geeft bij elke login onderaan of bovenaan het portaal informatie weer over het cookiebeleid, zodat u hiervan op de hoogte bent. U kunt de installatie van cookies in uw webbrowser accepteren door een positieve, bevestigende handeling te verrichten. U kunt het gebruik van cookies ook weigeren door in uw browser de installatie en het gebruik van cookies te weigeren. U dient er echter rekening mee te houden dat u in dat geval mogelijk niet alle functies van deze website volledig kunt gebruiken. Deze website verwerkt informatie over u door Google. Voor deze doeleinden informeren wij u dat Google Inc. wordt beschouwd als een \"veilige haven\" met betrekking tot de regelgeving voor de bescherming van persoonsgegevens. De gebruiker moet vooraf toestemming geven, tenzij anders aangegeven, voor het gebruik van cookies en geeft ook toestemming voor het bijhouden van zijn IP-adres tijdens het surfen op de website. Tenzij u uw webbrowser zo hebt ingesteld dat cookies worden geweigerd, produceert ons systeem cookies wanneer u verbinding maakt met onze site. In overeenstemming met de Europese richtlijnen voor gegevensbescherming die kunnen worden be\u00efnvloed door het gebruik van cookies, beschikken de verschillende internetbrowsers over configuratiehulpmiddelen waarmee de gebruiker deze cookies desgewenst kan uitschakelen en\/of verwijderen of de priv\u00e9navigatiemodus in zijn browser kan activeren. U kunt de cookies die op uw computer zijn ge\u00efnstalleerd toestaan, blokkeren of verwijderen door de opties van de browser die op uw computer is ge\u00efnstalleerd te configureren: Chrome: https:\/\/support.google.com\/chrome\/answer\/95647?hl=es Explorer: http:\/\/windows.microsoft.com\/es-es\/windows7\/how-to-manage-cookies-in- internetexplorer-9 Firefox: https:\/\/support.mozilla.org\/es\/kb\/habilitar-y-deshabilitar-cookies-que-los-sitios-web Safari: https:\/\/support.apple.com\/kb\/ph5042?locale=es_ES<\/p><p><br><\/p>\n<h3>WELKE COOKIES GEBRUIKEN WE EN MET WELK DOEL?<span class=\"Apple-converted-space\">&nbsp;<\/span><\/h3>\n<p>Hieronder volgt een meer gedetailleerde uitleg van elk type cookie, de timing, het eigendom, het doel en de domeinen: Google Analytics is een webanalysedienst van Google, Inc., een bedrijf uit Delaware met hoofdkantoor te 1600 Amphitheatre Parkway, Mountain View (Californi\u00eb), CA94043, Verenigde Staten (\"Google\"): Google Analytics maakt gebruik van de volgende cookies: _ga, _gat, _gid en andere mogelijke cookies die worden geladen door de bezoekersmonitoringservice van Google.<span class=\"Apple-converted-space\">&nbsp;<\/span><\/p>\n<p><strong>Ze zijn geschikt voor:<span class=\"Apple-converted-space\">&nbsp;<\/span><\/strong><\/p>\n<ul>\n<li>Schatten van aantallen en gebruikspatronen.<\/li>\n<li>Informatie over uw voorkeuren opslaan en onze website personaliseren op basis van uw individuele interesses.<\/li>\n<li>Versnel je zoekopdrachten.<\/li>\n<li>U herkennen wanneer u terugkeert naar onze site.<\/li>\n<li>Een unieke gebruikersidentificatie genereren, die wordt gebruikt om te tellen hoe vaak een gebruiker de site bezoekt, evenals de datum van het eerste en laatste bezoek.<\/li>\n<li>De datum en tijd van toegang tot een van de pagina's van de Site registreren.<\/li>\n<li>Controleer of de sessie van een gebruiker open moet blijven of dat er een nieuwe sessie moet worden aangemaakt.<\/li>\n<li>Om de sessie van de gebruiker te identificeren, om bij benadering de geografische locatie te verzamelen van de computer die de site bezoekt voor statistische doeleinden. Ze kunnen zowel tijdelijk als permanent zijn.<\/li>\n<\/ul>\t\t\t\t\t\t\t\t<\/div>\n\t\t\t\t<\/div>\n\t\t\t\t<div class=\"elementor-element elementor-element-16a4829 elementor-widget elementor-widget-spacer\" data-id=\"16a4829\" data-element_type=\"widget\" data-e-type=\"widget\" data-widget_type=\"spacer.default\">\n\t\t\t\t<div class=\"elementor-widget-container\">\n\t\t\t\t\t\t\t<div class=\"elementor-spacer\">\n\t\t\t<div class=\"elementor-spacer-inner\"><\/div>\n\t\t<\/div>\n\t\t\t\t\t\t<\/div>\n\t\t\t\t<\/div>\n\t\t\t\t\t<\/div>\n\t\t\t\t<\/div>\n\t\t\t\t<\/div>","protected":false},"excerpt":{"rendered":"<p>Pol\u00edtica de cookies El sitio Web utiliza un analizador de tr\u00e1fico que emplea peque\u00f1os archivos de informaci\u00f3n denominados y conocidos como \u201ccookies\u201d que el servidor env\u00eda al ordenador de quien accede a la p\u00e1gina web para el correcto funcionamiento y visualizaci\u00f3n de los sitios web por parte del usuario, as\u00ed como la recogida de datos [&hellip;]<\/p>\n","protected":false},"author":2,"featured_media":0,"parent":0,"menu_order":0,"comment_status":"closed","ping_status":"closed","template":"","meta":{"footnotes":""},"class_list":["post-1239","page","type-page","status-publish","hentry"],"yoast_head":"<!-- This site is optimized with the Yoast SEO plugin v25.1 - https:\/\/yoast.com\/wordpress\/plugins\/seo\/ -->\n<title>Pol\u00edtica de cookies - Albergue Las Ermitas de Vallada<\/title>\n<meta name=\"description\" content=\"Consulta nuestra Pol\u00edtica de Cookies y conoce c\u00f3mo usamos las cookies en Albergue Vallada. Gestiona tu privacidad y preferencias de navegaci\u00f3n.\" \/>\n<meta name=\"robots\" content=\"index, follow, max-snippet:-1, max-image-preview:large, max-video-preview:-1\" \/>\n<link rel=\"canonical\" href=\"https:\/\/alberguevallada.com\/nl\/cookiebeleid\/\" \/>\n<meta property=\"og:locale\" content=\"nl_NL\" \/>\n<meta property=\"og:type\" content=\"article\" \/>\n<meta property=\"og:title\" content=\"Pol\u00edtica de cookies - Albergue Las Ermitas de Vallada\" \/>\n<meta property=\"og:description\" content=\"Consulta nuestra Pol\u00edtica de Cookies y conoce c\u00f3mo usamos las cookies en Albergue Vallada. Gestiona tu privacidad y preferencias de navegaci\u00f3n.\" \/>\n<meta property=\"og:url\" content=\"https:\/\/alberguevallada.com\/nl\/cookiebeleid\/\" \/>\n<meta property=\"og:site_name\" content=\"Albergue Las Ermitas de Vallada\" \/>\n<meta property=\"article:modified_time\" content=\"2025-02-20T13:10:30+00:00\" \/>\n<meta name=\"twitter:card\" content=\"summary_large_image\" \/>\n<meta name=\"twitter:label1\" content=\"Geschatte leestijd\" \/>\n\t<meta name=\"twitter:data1\" content=\"3 minuten\" \/>\n<script type=\"application\/ld+json\" class=\"yoast-schema-graph\">{\"@context\":\"https:\/\/schema.org\",\"@graph\":[{\"@type\":\"WebPage\",\"@id\":\"https:\/\/alberguevallada.com\/politica-de-cookies\/\",\"url\":\"https:\/\/alberguevallada.com\/politica-de-cookies\/\",\"name\":\"Pol\u00edtica de cookies - Albergue Las Ermitas de Vallada\",\"isPartOf\":{\"@id\":\"https:\/\/alberguevallada.com\/#website\"},\"datePublished\":\"2025-02-20T11:49:52+00:00\",\"dateModified\":\"2025-02-20T13:10:30+00:00\",\"description\":\"Consulta nuestra Pol\u00edtica de Cookies y conoce c\u00f3mo usamos las cookies en Albergue Vallada. Gestiona tu privacidad y preferencias de navegaci\u00f3n.\",\"breadcrumb\":{\"@id\":\"https:\/\/alberguevallada.com\/politica-de-cookies\/#breadcrumb\"},\"inLanguage\":\"nl-NL\",\"potentialAction\":[{\"@type\":\"ReadAction\",\"target\":[\"https:\/\/alberguevallada.com\/politica-de-cookies\/\"]}]},{\"@type\":\"BreadcrumbList\",\"@id\":\"https:\/\/alberguevallada.com\/politica-de-cookies\/#breadcrumb\",\"itemListElement\":[{\"@type\":\"ListItem\",\"position\":1,\"name\":\"Portada\",\"item\":\"https:\/\/alberguevallada.com\/\"},{\"@type\":\"ListItem\",\"position\":2,\"name\":\"Pol\u00edtica de cookies\"}]},{\"@type\":\"WebSite\",\"@id\":\"https:\/\/alberguevallada.com\/#website\",\"url\":\"https:\/\/alberguevallada.com\/\",\"name\":\"Albergue Las Ermitas de Vallada\",\"description\":\"Naturaleza, deporte y buena comida\",\"publisher\":{\"@id\":\"https:\/\/alberguevallada.com\/#organization\"},\"potentialAction\":[{\"@type\":\"SearchAction\",\"target\":{\"@type\":\"EntryPoint\",\"urlTemplate\":\"https:\/\/alberguevallada.com\/?s={search_term_string}\"},\"query-input\":{\"@type\":\"PropertyValueSpecification\",\"valueRequired\":true,\"valueName\":\"search_term_string\"}}],\"inLanguage\":\"nl-NL\"},{\"@type\":\"Organization\",\"@id\":\"https:\/\/alberguevallada.com\/#organization\",\"name\":\"Albergue Las Ermitas de Vallada\",\"url\":\"https:\/\/alberguevallada.com\/\",\"logo\":{\"@type\":\"ImageObject\",\"inLanguage\":\"nl-NL\",\"@id\":\"https:\/\/alberguevallada.com\/#\/schema\/logo\/image\/\",\"url\":\"https:\/\/alberguevallada.com\/wp-content\/uploads\/2023\/02\/fav.png\",\"contentUrl\":\"https:\/\/alberguevallada.com\/wp-content\/uploads\/2023\/02\/fav.png\",\"width\":512,\"height\":512,\"caption\":\"Albergue Las Ermitas de Vallada\"},\"image\":{\"@id\":\"https:\/\/alberguevallada.com\/#\/schema\/logo\/image\/\"}}]}<\/script>\n<!-- \/ Yoast SEO plugin. -->","yoast_head_json":{"title":"Cookiebeleid - Las Ermitas de Vallada Hostel","description":"Raadpleeg ons cookiebeleid en ontdek hoe we cookies gebruiken bij Albergue Vallada. Beheer uw privacy en browservoorkeuren.","robots":{"index":"index","follow":"follow","max-snippet":"max-snippet:-1","max-image-preview":"max-image-preview:large","max-video-preview":"max-video-preview:-1"},"canonical":"https:\/\/alberguevallada.com\/nl\/cookiebeleid\/","og_locale":"nl_NL","og_type":"article","og_title":"Pol\u00edtica de cookies - Albergue Las Ermitas de Vallada","og_description":"Consulta nuestra Pol\u00edtica de Cookies y conoce c\u00f3mo usamos las cookies en Albergue Vallada. Gestiona tu privacidad y preferencias de navegaci\u00f3n.","og_url":"https:\/\/alberguevallada.com\/nl\/cookiebeleid\/","og_site_name":"Albergue Las Ermitas de Vallada","article_modified_time":"2025-02-20T13:10:30+00:00","twitter_card":"summary_large_image","twitter_misc":{"Geschatte leestijd":"3 minuten"},"schema":{"@context":"https:\/\/schema.org","@graph":[{"@type":"WebPage","@id":"https:\/\/alberguevallada.com\/politica-de-cookies\/","url":"https:\/\/alberguevallada.com\/politica-de-cookies\/","name":"Cookiebeleid - Las Ermitas de Vallada Hostel","isPartOf":{"@id":"https:\/\/alberguevallada.com\/#website"},"datePublished":"2025-02-20T11:49:52+00:00","dateModified":"2025-02-20T13:10:30+00:00","description":"Raadpleeg ons cookiebeleid en ontdek hoe we cookies gebruiken bij Albergue Vallada. Beheer uw privacy en browservoorkeuren.","breadcrumb":{"@id":"https:\/\/alberguevallada.com\/politica-de-cookies\/#breadcrumb"},"inLanguage":"nl-NL","potentialAction":[{"@type":"ReadAction","target":["https:\/\/alberguevallada.com\/politica-de-cookies\/"]}]},{"@type":"BreadcrumbList","@id":"https:\/\/alberguevallada.com\/politica-de-cookies\/#breadcrumb","itemListElement":[{"@type":"ListItem","position":1,"name":"Portada","item":"https:\/\/alberguevallada.com\/"},{"@type":"ListItem","position":2,"name":"Pol\u00edtica de cookies"}]},{"@type":"WebSite","@id":"https:\/\/alberguevallada.com\/#website","url":"https:\/\/alberguevallada.com\/","name":"Las Ermitas de Vallada Hostel","description":"Natuur, sport en lekker eten","publisher":{"@id":"https:\/\/alberguevallada.com\/#organization"},"potentialAction":[{"@type":"SearchAction","target":{"@type":"EntryPoint","urlTemplate":"https:\/\/alberguevallada.com\/?s={search_term_string}"},"query-input":{"@type":"PropertyValueSpecification","valueRequired":true,"valueName":"search_term_string"}}],"inLanguage":"nl-NL"},{"@type":"Organization","@id":"https:\/\/alberguevallada.com\/#organization","name":"Las Ermitas de Vallada Hostel","url":"https:\/\/alberguevallada.com\/","logo":{"@type":"ImageObject","inLanguage":"nl-NL","@id":"https:\/\/alberguevallada.com\/#\/schema\/logo\/image\/","url":"https:\/\/alberguevallada.com\/wp-content\/uploads\/2023\/02\/fav.png","contentUrl":"https:\/\/alberguevallada.com\/wp-content\/uploads\/2023\/02\/fav.png","width":512,"height":512,"caption":"Albergue Las Ermitas de Vallada"},"image":{"@id":"https:\/\/alberguevallada.com\/#\/schema\/logo\/image\/"}}]}},"_links":{"self":[{"href":"https:\/\/alberguevallada.com\/nl\/wp-json\/wp\/v2\/pages\/1239","targetHints":{"allow":["GET"]}}],"collection":[{"href":"https:\/\/alberguevallada.com\/nl\/wp-json\/wp\/v2\/pages"}],"about":[{"href":"https:\/\/alberguevallada.com\/nl\/wp-json\/wp\/v2\/types\/page"}],"author":[{"embeddable":true,"href":"https:\/\/alberguevallada.com\/nl\/wp-json\/wp\/v2\/users\/2"}],"replies":[{"embeddable":true,"href":"https:\/\/alberguevallada.com\/nl\/wp-json\/wp\/v2\/comments?post=1239"}],"version-history":[{"count":7,"href":"https:\/\/alberguevallada.com\/nl\/wp-json\/wp\/v2\/pages\/1239\/revisions"}],"predecessor-version":[{"id":1246,"href":"https:\/\/alberguevallada.com\/nl\/wp-json\/wp\/v2\/pages\/1239\/revisions\/1246"}],"wp:attachment":[{"href":"https:\/\/alberguevallada.com\/nl\/wp-json\/wp\/v2\/media?parent=1239"}],"curies":[{"name":"wp","href":"https:\/\/api.w.org\/{rel}","templated":true}]}}