{"id":1234,"date":"2025-02-20T11:42:48","date_gmt":"2025-02-20T11:42:48","guid":{"rendered":"https:\/\/alberguevallada.com\/?page_id=1234"},"modified":"2025-02-20T13:11:20","modified_gmt":"2025-02-20T13:11:20","slug":"privacybeleid","status":"publish","type":"page","link":"https:\/\/alberguevallada.com\/nl\/privacybeleid\/","title":{"rendered":"Privacybeleid"},"content":{"rendered":"<div data-elementor-type=\"wp-page\" data-elementor-id=\"1234\" class=\"elementor elementor-1234\" data-elementor-post-type=\"page\">\n\t\t\t\t<div class=\"elementor-element elementor-element-9894ed3 e-flex e-con-boxed e-con e-parent\" data-id=\"9894ed3\" data-element_type=\"container\" data-e-type=\"container\">\n\t\t\t\t\t<div class=\"e-con-inner\">\n\t\t\t\t<div class=\"elementor-element elementor-element-585cf7c elementor-widget elementor-widget-spacer\" data-id=\"585cf7c\" data-element_type=\"widget\" data-e-type=\"widget\" data-widget_type=\"spacer.default\">\n\t\t\t\t<div class=\"elementor-widget-container\">\n\t\t\t\t\t\t\t<div class=\"elementor-spacer\">\n\t\t\t<div class=\"elementor-spacer-inner\"><\/div>\n\t\t<\/div>\n\t\t\t\t\t\t<\/div>\n\t\t\t\t<\/div>\n\t\t\t\t<div class=\"elementor-element elementor-element-4b36e11 elementor-widget elementor-widget-heading\" data-id=\"4b36e11\" data-element_type=\"widget\" data-e-type=\"widget\" data-widget_type=\"heading.default\">\n\t\t\t\t<div class=\"elementor-widget-container\">\n\t\t\t\t\t<h1 class=\"elementor-heading-title elementor-size-default\">Privacybeleid<\/h1>\t\t\t\t<\/div>\n\t\t\t\t<\/div>\n\t\t\t\t<div class=\"elementor-element elementor-element-c879c2d elementor-widget elementor-widget-text-editor\" data-id=\"c879c2d\" data-element_type=\"widget\" data-e-type=\"widget\" data-widget_type=\"text-editor.default\">\n\t\t\t\t<div class=\"elementor-widget-container\">\n\t\t\t\t\t\t\t\t\t<p>ALBERTO MENGUAL PITARCH, in toepassing van de huidige wetgeving inzake de bescherming van persoonsgegevens, informeert dat de persoonsgegevens die worden verzameld via de formulieren op de website: https:\/\/alberguevallada.com\/, worden opgenomen in de specifieke geautomatiseerde bestanden van gebruikers van de diensten van https:\/\/alberguevallada.com\/.<\/p><p>Het doel van het verzamelen en de geautomatiseerde verwerking van persoonlijke gegevens is het onderhouden van de commerci\u00eble relatie en het uitvoeren van informatie, advies en andere activiteiten die zowel in dit beleid als in de formulieren op deze Site worden aangegeven. Deze gegevens worden alleen doorgegeven aan entiteiten die nodig zijn om te voldoen aan het bovengenoemde doel.<\/p><p>ALBERTO MENGUAL PITARCH neemt de nodige maatregelen om de veiligheid, integriteit en vertrouwelijkheid van de gegevens te waarborgen in overeenstemming met de bepalingen van Verordening (EU) 2016\/679 van het Europees Parlement en de Raad van 27 april 2016 betreffende de bescherming van natuurlijke personen in verband met de verwerking van persoonsgegevens en betreffende het vrije verkeer van die gegevens.<\/p><p>De gebruiker kan te allen tijde gebruik maken van het recht op toegang, verzet, rectificatie en annulering zoals erkend in de hierboven genoemde Verordening (EU). De gebruiker kan deze rechten uitoefenen door een e-mail te sturen naar: info@alberguevallada.com of naar het volgende adres: Pol\u00edgono 11, parcela 77, 46691, Vallada, Valencia.<\/p><p>De gebruiker verklaart dat alle door hem\/haar verstrekte gegevens waarheidsgetrouw en correct zijn en verbindt zich ertoe deze actueel te houden en eventuele wijzigingen door te geven aan info@alberguevallada.com.<\/p><h2>Doel van de verwerking van persoonlijke gegevens<\/h2><h3>Voor welke doeleinden verwerken we uw persoonlijke gegevens?<\/h3><p>ALBERTO MENGUAL PITARCH, verwerkt uw persoonsgegevens die zijn verzameld via de Website: https:\/\/alberguevallada.com\/ , voor de volgende doeleinden:<\/p><ol><li>In het geval van het contracteren van goederen en diensten die worden aangeboden via https:\/\/alberguevallada.com\/ , om de contractuele relatie te onderhouden, evenals het beheer, de administratie, de informatie, de levering en de verbetering van de service.<\/li><li>Verzend de gevraagde informatie via de formulieren die beschikbaar zijn op https:\/\/alberguevallada.com\/.<\/li><\/ol><p>Wij herinneren u eraan dat u te allen tijde bezwaar kunt maken tegen het verzenden van commerci\u00eble berichten door een e-mail te sturen naar het hierboven vermelde adres.<\/p><p>De velden in deze registers moeten worden ingevuld en het is onmogelijk om de aangegeven doeleinden uit te voeren als deze gegevens niet worden verstrekt.<\/p><h3>Hoe lang worden de verzamelde persoonlijke gegevens bewaard?<\/h3><p>De verstrekte persoonlijke gegevens worden bewaard zolang de commerci\u00eble relatie in stand blijft of u niet om verwijdering ervan verzoekt en gedurende de periode waarin wettelijke verantwoordelijkheden kunnen voortvloeien uit de geleverde diensten.<\/p><h3>Legitimatie<\/h3><p>De verwerking van uw gegevens wordt uitgevoerd op basis van de volgende wettelijke grondslagen die dit rechtvaardigen:<\/p><ol><li>Het verzoek om informatie en\/of het contracteren van de diensten van https:\/\/alberguevallada.com\/, waarvan de algemene voorwaarden in ieder geval aan u beschikbaar zullen worden gesteld, voorafgaand aan een eventuele contractering.<\/li><li>Vrije, specifieke, ge\u00efnformeerde en ondubbelzinnige toestemming, voor zover we u informeren door u dit privacybeleid ter beschikking te stellen, dat u, na het te hebben gelezen, als u ermee akkoord gaat, kunt aanvaarden door middel van een verklaring of een duidelijke bevestigende handeling, zoals het aankruisen van een daarvoor bestemd vakje.<\/li><li>Als u ons uw gegevens niet, onjuist of onvolledig verstrekt, kunnen wij uw verzoek niet in behandeling nemen, waardoor het voor ons onmogelijk wordt u de gevraagde informatie te verstrekken of het contract voor de diensten uit te voeren.<\/li><\/ol><h3>Geadresseerden<\/h3><p>De gegevens worden niet doorgegeven aan derden buiten https:\/\/alberguevallada.com\/, tenzij dit wettelijk verplicht is.<\/p><h3>Gegevens verzameld door gebruikers van de services<\/h3><p>In gevallen waarin de gebruiker bestanden met persoonlijke gegevens op de shared hosting servers plaatst, kan ALBERTO MENGUAL PITARCH niet verantwoordelijk worden gehouden voor het niet naleven van de RGPD door de gebruiker.<\/p><h3>Bewaren van gegevens in overeenstemming met de LSSI<\/h3><p>ALBERTO MENGUAL PITARCH informeert dat het, als aanbieder van hostingdiensten voor gegevens en krachtens de bepalingen van Wet 34\/2002 van 11 juli betreffende diensten van de informatiemaatschappij en elektronische handel (LSSI), gedurende een periode van maximaal 12 maanden de informatie bewaart die nodig is om de oorsprong van de gehoste gegevens en het tijdstip waarop de dienst is gestart te identificeren. Het bewaren van deze gegevens heeft geen invloed op het communicatiegeheim en mag alleen worden gebruikt in het kader van een strafrechtelijk onderzoek of voor het waarborgen van de openbare veiligheid, waarbij ze beschikbaar worden gesteld aan rechters en\/of rechtbanken of het ministerie dat daarom vraagt.<\/p><p>Het doorgeven van gegevens aan de Staatstroepen en -korpsen gebeurt in overeenstemming met de bepalingen van de regelgeving inzake de bescherming van persoonsgegevens.<\/p><h3>Intellectuele eigendomsrechten<\/h3><p>ALBERTO MENGUAL PITARCH is de eigenaar van alle auteursrechten, intellectuele en industri\u00eble eigendomsrechten, knowhow en alle andere rechten met betrekking tot de inhoud van de website https:\/\/alberguevallada.com\/ en de diensten die daarop worden aangeboden, evenals de programma's die nodig zijn voor de uitvoering ervan en de bijbehorende informatie.<\/p><p>De gehele of gedeeltelijke reproductie, publicatie en\/of gebruik van de inhoud van de website van ALBERTO MENGUAL PITARCH, anders dan voor strikt priv\u00e9gebruik, is niet toegestaan zonder voorafgaande schriftelijke toestemming van ALBERTO MENGUAL PITARCH.<\/p><h3>Intellectueel eigendom van gehoste inhoud<\/h3><p>Het gebruik in strijd met de wetgeving inzake intellectuele eigendom van de diensten geleverd door ALBERTO MENGUAL PITARCH en in het bijzonder van:<\/p><ul><li>Gebruik dat in strijd is met de Spaanse wetgeving of inbreuk maakt op de rechten van derden.<\/li><li>De publicatie of verzending van inhoud die naar de mening van ALBERTO MENGUAL PITARCH gewelddadig, obsceen, beledigend, illegaal, racistisch, xenofoob of lasterlijk is.<\/li><li>Cracks, softwareserienummers of andere inhoud die inbreuk maakt op de intellectuele eigendomsrechten van derden.<\/li><li>Het verzamelen en\/of gebruiken van persoonsgegevens van andere gebruikers zonder hun uitdrukkelijke toestemming of in strijd met de bepalingen van Verordening (EU) 2016\/679 van het Europees Parlement en de Raad van 27 april 2016 betreffende de bescherming van natuurlijke personen in verband met de verwerking van persoonsgegevens en betreffende het vrije verkeer van die gegevens.<\/li><li>Het gebruik van de mailserver en e-mailadressen van het domein voor het verzenden van ongevraagde bulk e-mail.<\/li><\/ul><p>De gebruiker draagt de volledige verantwoordelijkheid voor de inhoud van zijn website, de verzonden en opgeslagen informatie, hyperlinks, claims van derden en juridische acties met betrekking tot intellectueel eigendom.<\/p><h3>Rechten van derden en bescherming van minderjarigen<\/h3><p>De gebruiker is verantwoordelijk voor de naleving van de geldende wet- en regelgeving en de regels met betrekking tot de werking van de online service, e-commerce, auteursrecht, handhaving van de openbare orde en universele principes van internetgebruik.<\/p><p>De gebruiker vrijwaart ALBERTO MENGUAL PITARCH voor de kosten die de toerekening met zich meebrengt in elke zaak waarvoor de gebruiker verantwoordelijk is, met inbegrip van juridische verdedigingskosten en uitgaven, zelfs in het geval van een niet-definitieve gerechtelijke uitspraak.<\/p><h3>Bescherming van gehoste informatie<\/h3><p>ALBERTO MENGUAL PITARCH maakt reservekopie\u00ebn van de inhoud die op haar servers wordt gehost, maar is niet verantwoordelijk voor het verlies of het per ongeluk verwijderen van gegevens door gebruikers. Het garandeert evenmin de volledige vervanging van gegevens die door gebruikers zijn verwijderd, aangezien de voornoemde gegevens kunnen zijn verwijderd en\/of gewijzigd in de periode die is verstreken sinds de laatste reservekopie.<\/p><p>De aangeboden diensten, met uitzondering van specifieke back-updiensten, omvatten niet de vervanging van de inhoud die is bewaard in de back-upkopie\u00ebn die door ALBERTO MENGUAL PITARCH zijn gemaakt, wanneer dit verlies is toe te schrijven aan de gebruiker; in dit geval zal een vergoeding worden vastgesteld op basis van de complexiteit en het volume van het herstel, altijd met voorafgaande toestemming van de gebruiker.<\/p><p>De vervanging van verwijderde gegevens is alleen inbegrepen in de prijs van de service wanneer het verlies van de inhoud te wijten is aan oorzaken die te wijten zijn aan ALBERTO MENGUAL PITARCH.<\/p><h3>Commerci\u00eble communicatie<\/h3><p>In toepassing van de LSSI. ALBERTO MENGUAL PITARCH verstuurt geen reclame of promotionele berichten via e-mail of andere gelijkwaardige elektronische communicatiemiddelen die niet vooraf zijn aangevraagd of uitdrukkelijk zijn goedgekeurd door de ontvangers ervan.<\/p><p>In het geval van gebruikers met wie een eerdere contractuele relatie bestaat, is ALBERTO MENGUAL PITARCH gemachtigd om commerci\u00eble berichten te sturen die verwijzen naar producten of diensten van https:\/\/alberguevallada.com\/ die vergelijkbaar zijn met de producten of diensten die aanvankelijk met de klant zijn gecontracteerd.<\/p><p>In elk geval kan de gebruiker, nadat hij of zij zijn of haar identiteit heeft bewezen, verzoeken dat hem of haar geen commerci\u00eble informatie meer wordt toegestuurd via de kanalen van de Klantenservice.<\/p>\t\t\t\t\t\t\t\t<\/div>\n\t\t\t\t<\/div>\n\t\t\t\t<div class=\"elementor-element elementor-element-16a4829 elementor-widget elementor-widget-spacer\" data-id=\"16a4829\" data-element_type=\"widget\" data-e-type=\"widget\" data-widget_type=\"spacer.default\">\n\t\t\t\t<div class=\"elementor-widget-container\">\n\t\t\t\t\t\t\t<div class=\"elementor-spacer\">\n\t\t\t<div class=\"elementor-spacer-inner\"><\/div>\n\t\t<\/div>\n\t\t\t\t\t\t<\/div>\n\t\t\t\t<\/div>\n\t\t\t\t\t<\/div>\n\t\t\t\t<\/div>\n\t\t\t\t<\/div>","protected":false},"excerpt":{"rendered":"<p>Pol\u00edtica de privacidad ALBERTO MENGUAL PITARCH, en aplicaci\u00f3n de la normativa vigente en materia de protecci\u00f3n de datos de car\u00e1cter personal, informa que los datos personales que se recogen a trav\u00e9s de los formularios del Sitio web: https:\/\/alberguevallada.com\/, se incluyen en los ficheros automatizados espec\u00edficos de usuarios de los servicios de https:\/\/alberguevallada.com\/ La recogida y [&hellip;]<\/p>\n","protected":false},"author":2,"featured_media":0,"parent":0,"menu_order":0,"comment_status":"closed","ping_status":"closed","template":"","meta":{"footnotes":""},"class_list":["post-1234","page","type-page","status-publish","hentry"],"yoast_head":"<!-- This site is optimized with the Yoast SEO plugin v25.1 - https:\/\/yoast.com\/wordpress\/plugins\/seo\/ -->\n<title>Pol\u00edtica de privacidad - Albergue Las Ermitas de Vallada<\/title>\n<meta name=\"description\" content=\"Consulta nuestra Pol\u00edtica de Privacidad y conoce c\u00f3mo protegemos tus datos en Albergue Vallada. Transparencia y seguridad.\" \/>\n<meta name=\"robots\" content=\"index, follow, max-snippet:-1, max-image-preview:large, max-video-preview:-1\" \/>\n<link rel=\"canonical\" href=\"https:\/\/alberguevallada.com\/nl\/privacybeleid\/\" \/>\n<meta property=\"og:locale\" content=\"nl_NL\" \/>\n<meta property=\"og:type\" content=\"article\" \/>\n<meta property=\"og:title\" content=\"Pol\u00edtica de privacidad - Albergue Las Ermitas de Vallada\" \/>\n<meta property=\"og:description\" content=\"Consulta nuestra Pol\u00edtica de Privacidad y conoce c\u00f3mo protegemos tus datos en Albergue Vallada. Transparencia y seguridad.\" \/>\n<meta property=\"og:url\" content=\"https:\/\/alberguevallada.com\/nl\/privacybeleid\/\" \/>\n<meta property=\"og:site_name\" content=\"Albergue Las Ermitas de Vallada\" \/>\n<meta property=\"article:modified_time\" content=\"2025-02-20T13:11:20+00:00\" \/>\n<meta name=\"twitter:card\" content=\"summary_large_image\" \/>\n<meta name=\"twitter:label1\" content=\"Geschatte leestijd\" \/>\n\t<meta name=\"twitter:data1\" content=\"7 minuten\" \/>\n<script type=\"application\/ld+json\" class=\"yoast-schema-graph\">{\"@context\":\"https:\/\/schema.org\",\"@graph\":[{\"@type\":\"WebPage\",\"@id\":\"https:\/\/alberguevallada.com\/politica-de-privacidad\/\",\"url\":\"https:\/\/alberguevallada.com\/politica-de-privacidad\/\",\"name\":\"Pol\u00edtica de privacidad - Albergue Las Ermitas de Vallada\",\"isPartOf\":{\"@id\":\"https:\/\/alberguevallada.com\/#website\"},\"datePublished\":\"2025-02-20T11:42:48+00:00\",\"dateModified\":\"2025-02-20T13:11:20+00:00\",\"description\":\"Consulta nuestra Pol\u00edtica de Privacidad y conoce c\u00f3mo protegemos tus datos en Albergue Vallada. Transparencia y seguridad.\",\"breadcrumb\":{\"@id\":\"https:\/\/alberguevallada.com\/politica-de-privacidad\/#breadcrumb\"},\"inLanguage\":\"nl-NL\",\"potentialAction\":[{\"@type\":\"ReadAction\",\"target\":[\"https:\/\/alberguevallada.com\/politica-de-privacidad\/\"]}]},{\"@type\":\"BreadcrumbList\",\"@id\":\"https:\/\/alberguevallada.com\/politica-de-privacidad\/#breadcrumb\",\"itemListElement\":[{\"@type\":\"ListItem\",\"position\":1,\"name\":\"Portada\",\"item\":\"https:\/\/alberguevallada.com\/\"},{\"@type\":\"ListItem\",\"position\":2,\"name\":\"Pol\u00edtica de privacidad\"}]},{\"@type\":\"WebSite\",\"@id\":\"https:\/\/alberguevallada.com\/#website\",\"url\":\"https:\/\/alberguevallada.com\/\",\"name\":\"Albergue Las Ermitas de Vallada\",\"description\":\"Naturaleza, deporte y buena comida\",\"publisher\":{\"@id\":\"https:\/\/alberguevallada.com\/#organization\"},\"potentialAction\":[{\"@type\":\"SearchAction\",\"target\":{\"@type\":\"EntryPoint\",\"urlTemplate\":\"https:\/\/alberguevallada.com\/?s={search_term_string}\"},\"query-input\":{\"@type\":\"PropertyValueSpecification\",\"valueRequired\":true,\"valueName\":\"search_term_string\"}}],\"inLanguage\":\"nl-NL\"},{\"@type\":\"Organization\",\"@id\":\"https:\/\/alberguevallada.com\/#organization\",\"name\":\"Albergue Las Ermitas de Vallada\",\"url\":\"https:\/\/alberguevallada.com\/\",\"logo\":{\"@type\":\"ImageObject\",\"inLanguage\":\"nl-NL\",\"@id\":\"https:\/\/alberguevallada.com\/#\/schema\/logo\/image\/\",\"url\":\"https:\/\/alberguevallada.com\/wp-content\/uploads\/2023\/02\/fav.png\",\"contentUrl\":\"https:\/\/alberguevallada.com\/wp-content\/uploads\/2023\/02\/fav.png\",\"width\":512,\"height\":512,\"caption\":\"Albergue Las Ermitas de Vallada\"},\"image\":{\"@id\":\"https:\/\/alberguevallada.com\/#\/schema\/logo\/image\/\"}}]}<\/script>\n<!-- \/ Yoast SEO plugin. -->","yoast_head_json":{"title":"Privacybeleid - Las Ermitas de Vallada Hostel","description":"Raadpleeg onze Privacy Policy en ontdek hoe we jouw gegevens beschermen bij Albergue Vallada. Transparantie en veiligheid.","robots":{"index":"index","follow":"follow","max-snippet":"max-snippet:-1","max-image-preview":"max-image-preview:large","max-video-preview":"max-video-preview:-1"},"canonical":"https:\/\/alberguevallada.com\/nl\/privacybeleid\/","og_locale":"nl_NL","og_type":"article","og_title":"Pol\u00edtica de privacidad - Albergue Las Ermitas de Vallada","og_description":"Consulta nuestra Pol\u00edtica de Privacidad y conoce c\u00f3mo protegemos tus datos en Albergue Vallada. Transparencia y seguridad.","og_url":"https:\/\/alberguevallada.com\/nl\/privacybeleid\/","og_site_name":"Albergue Las Ermitas de Vallada","article_modified_time":"2025-02-20T13:11:20+00:00","twitter_card":"summary_large_image","twitter_misc":{"Geschatte leestijd":"7 minuten"},"schema":{"@context":"https:\/\/schema.org","@graph":[{"@type":"WebPage","@id":"https:\/\/alberguevallada.com\/politica-de-privacidad\/","url":"https:\/\/alberguevallada.com\/politica-de-privacidad\/","name":"Privacybeleid - Las Ermitas de Vallada Hostel","isPartOf":{"@id":"https:\/\/alberguevallada.com\/#website"},"datePublished":"2025-02-20T11:42:48+00:00","dateModified":"2025-02-20T13:11:20+00:00","description":"Raadpleeg onze Privacy Policy en ontdek hoe we jouw gegevens beschermen bij Albergue Vallada. Transparantie en veiligheid.","breadcrumb":{"@id":"https:\/\/alberguevallada.com\/politica-de-privacidad\/#breadcrumb"},"inLanguage":"nl-NL","potentialAction":[{"@type":"ReadAction","target":["https:\/\/alberguevallada.com\/politica-de-privacidad\/"]}]},{"@type":"BreadcrumbList","@id":"https:\/\/alberguevallada.com\/politica-de-privacidad\/#breadcrumb","itemListElement":[{"@type":"ListItem","position":1,"name":"Portada","item":"https:\/\/alberguevallada.com\/"},{"@type":"ListItem","position":2,"name":"Pol\u00edtica de privacidad"}]},{"@type":"WebSite","@id":"https:\/\/alberguevallada.com\/#website","url":"https:\/\/alberguevallada.com\/","name":"Las Ermitas de Vallada Hostel","description":"Natuur, sport en lekker eten","publisher":{"@id":"https:\/\/alberguevallada.com\/#organization"},"potentialAction":[{"@type":"SearchAction","target":{"@type":"EntryPoint","urlTemplate":"https:\/\/alberguevallada.com\/?s={search_term_string}"},"query-input":{"@type":"PropertyValueSpecification","valueRequired":true,"valueName":"search_term_string"}}],"inLanguage":"nl-NL"},{"@type":"Organization","@id":"https:\/\/alberguevallada.com\/#organization","name":"Las Ermitas de Vallada Hostel","url":"https:\/\/alberguevallada.com\/","logo":{"@type":"ImageObject","inLanguage":"nl-NL","@id":"https:\/\/alberguevallada.com\/#\/schema\/logo\/image\/","url":"https:\/\/alberguevallada.com\/wp-content\/uploads\/2023\/02\/fav.png","contentUrl":"https:\/\/alberguevallada.com\/wp-content\/uploads\/2023\/02\/fav.png","width":512,"height":512,"caption":"Albergue Las Ermitas de Vallada"},"image":{"@id":"https:\/\/alberguevallada.com\/#\/schema\/logo\/image\/"}}]}},"_links":{"self":[{"href":"https:\/\/alberguevallada.com\/nl\/wp-json\/wp\/v2\/pages\/1234","targetHints":{"allow":["GET"]}}],"collection":[{"href":"https:\/\/alberguevallada.com\/nl\/wp-json\/wp\/v2\/pages"}],"about":[{"href":"https:\/\/alberguevallada.com\/nl\/wp-json\/wp\/v2\/types\/page"}],"author":[{"embeddable":true,"href":"https:\/\/alberguevallada.com\/nl\/wp-json\/wp\/v2\/users\/2"}],"replies":[{"embeddable":true,"href":"https:\/\/alberguevallada.com\/nl\/wp-json\/wp\/v2\/comments?post=1234"}],"version-history":[{"count":4,"href":"https:\/\/alberguevallada.com\/nl\/wp-json\/wp\/v2\/pages\/1234\/revisions"}],"predecessor-version":[{"id":1238,"href":"https:\/\/alberguevallada.com\/nl\/wp-json\/wp\/v2\/pages\/1234\/revisions\/1238"}],"wp:attachment":[{"href":"https:\/\/alberguevallada.com\/nl\/wp-json\/wp\/v2\/media?parent=1234"}],"curies":[{"name":"wp","href":"https:\/\/api.w.org\/{rel}","templated":true}]}}