{"id":1239,"date":"2025-02-20T11:49:52","date_gmt":"2025-02-20T11:49:52","guid":{"rendered":"https:\/\/alberguevallada.com\/?page_id=1239"},"modified":"2025-02-20T13:10:30","modified_gmt":"2025-02-20T13:10:30","slug":"politique-de-cookies","status":"publish","type":"page","link":"https:\/\/alberguevallada.com\/fr\/politique-de-cookies\/","title":{"rendered":"Politique en mati\u00e8re de cookies"},"content":{"rendered":"<div data-elementor-type=\"wp-page\" data-elementor-id=\"1239\" class=\"elementor elementor-1239\" data-elementor-post-type=\"page\">\n\t\t\t\t<div class=\"elementor-element elementor-element-9894ed3 e-flex e-con-boxed e-con e-parent\" data-id=\"9894ed3\" data-element_type=\"container\" data-e-type=\"container\">\n\t\t\t\t\t<div class=\"e-con-inner\">\n\t\t\t\t<div class=\"elementor-element elementor-element-585cf7c elementor-widget elementor-widget-spacer\" data-id=\"585cf7c\" data-element_type=\"widget\" data-e-type=\"widget\" data-widget_type=\"spacer.default\">\n\t\t\t\t<div class=\"elementor-widget-container\">\n\t\t\t\t\t\t\t<div class=\"elementor-spacer\">\n\t\t\t<div class=\"elementor-spacer-inner\"><\/div>\n\t\t<\/div>\n\t\t\t\t\t\t<\/div>\n\t\t\t\t<\/div>\n\t\t\t\t<div class=\"elementor-element elementor-element-4b36e11 elementor-widget elementor-widget-heading\" data-id=\"4b36e11\" data-element_type=\"widget\" data-e-type=\"widget\" data-widget_type=\"heading.default\">\n\t\t\t\t<div class=\"elementor-widget-container\">\n\t\t\t\t\t<h1 class=\"elementor-heading-title elementor-size-default\">Politique en mati\u00e8re de cookies<\/h1>\t\t\t\t<\/div>\n\t\t\t\t<\/div>\n\t\t\t\t<div class=\"elementor-element elementor-element-c879c2d elementor-widget elementor-widget-text-editor\" data-id=\"c879c2d\" data-element_type=\"widget\" data-e-type=\"widget\" data-widget_type=\"text-editor.default\">\n\t\t\t\t<div class=\"elementor-widget-container\">\n\t\t\t\t\t\t\t\t\t<p>Le site Web utilise un analyseur de trafic qui utilise de petits fichiers d&#039;informations appel\u00e9s et connus sous le nom de \u00ab cookies \u00bb que le serveur envoie \u00e0 l&#039;ordinateur de quiconque acc\u00e8de au site Web pour le bon fonctionnement et l&#039;affichage des sites Web par l&#039;utilisateur, ainsi que la collecte de donn\u00e9es statistiques sur l&#039;utilisation et la navigation de notre site Web. Nous pouvons collecter des informations sur votre ordinateur, y compris votre adresse IP, votre syst\u00e8me d&#039;exploitation et votre type de navigateur. Les cookies contiennent des informations qui sont transf\u00e9r\u00e9es sur le disque dur de votre ordinateur.<span class=\"Apple-converted-space\">&nbsp;<\/span><\/p>\n<p>Les cookies nous aident \u00e9galement \u00e0 am\u00e9liorer notre site Web et \u00e0 fournir un service meilleur et plus personnalis\u00e9. Concr\u00e8tement, ils nous permettent de :<span class=\"Apple-converted-space\">&nbsp;<\/span><\/p>\n<ul>\n<li>Faites une estimation des nombres et des mod\u00e8les d\u2019utilisation.<\/li>\n<li>Stockez des informations sur vos pr\u00e9f\u00e9rences et personnalisez notre site Web en fonction de vos int\u00e9r\u00eats individuels.<\/li>\n<li>Acc\u00e9l\u00e9rez vos recherches.<\/li>\n<li>Vous reconna\u00eetre lorsque vous revenez sur notre site.<\/li>\n<\/ul><div><br><\/div>\n<h3>ACCEPTATION ET\/OU REJET DE LA POLITIQUE DE COOKIES<\/h3>\n<p>Ce site Web affiche des informations sur sa politique en mati\u00e8re de cookies en bas ou en haut du portail \u00e0 chaque connexion afin que vous en soyez conscient et inform\u00e9. Vous pouvez accepter l&#039;installation de cookies dans votre navigateur Web en effectuant une action affirmative et positive. Vous pouvez \u00e9galement refuser l&#039;utilisation de cookies en s\u00e9lectionnant l&#039;option de refus de leur installation et de leur utilisation dans votre navigateur. Cependant, veuillez noter que si vous le faites, vous ne pourrez peut-\u00eatre pas utiliser toutes les fonctionnalit\u00e9s de ce site Web. Ce site Web traite des informations vous concernant via Google. \u00c0 ces fins, nous attirons votre attention sur le fait que Google Inc. est consid\u00e9r\u00e9e comme une \u00ab sph\u00e8re de s\u00e9curit\u00e9 \u00bb en ce qui concerne la r\u00e9glementation relative \u00e0 la protection des donn\u00e9es personnelles. L\u2019Utilisateur doit donner son consentement pr\u00e9alable, sauf indication contraire, \u00e0 l\u2019utilisation de \u00ab cookies \u00bb et autorise \u00e9galement le suivi de son IP lors de sa navigation sur le Site. \u00c0 moins que vous n\u2019ayez modifi\u00e9 les param\u00e8tres de votre navigateur Web pour qu\u2019il refuse les cookies, notre syst\u00e8me \u00e9mettra des cookies lorsque vous vous connecterez \u00e0 notre site. Conform\u00e9ment \u00e0 la r\u00e9glementation europ\u00e9enne sur la protection des donn\u00e9es pouvant \u00eatre affect\u00e9e par l&#039;utilisation de cookies, les diff\u00e9rents navigateurs Internet disposent d&#039;outils de configuration afin que l&#039;Utilisateur, s&#039;il le souhaite, puisse d\u00e9sactiver et\/ou supprimer ces cookies ou activer le mode de navigation priv\u00e9e dans son navigateur. Vous pouvez autoriser, bloquer ou supprimer les cookies install\u00e9s sur votre ordinateur en configurant les options du navigateur install\u00e9 sur votre ordinateur : Chrome : https:\/\/support.google.com\/chrome\/answer\/95647?hl=es Explorer : http:\/\/windows.microsoft.com\/es-es\/windows7\/how-to-manage-cookies-in-internetexplorer-9 Firefox : https:\/\/support.mozilla.org\/es\/kb\/habilitar-y-deshabilitar-cookies-que-los-sitios-web Safari : https:\/\/support.apple.com\/kb\/ph5042?locale=es_ES<\/p><p><br><\/p>\n<h3>QUELS COOKIES UTILISONS-NOUS ET \u00c0 QUOI SERVENT-ILS ?<span class=\"Apple-converted-space\">&nbsp;<\/span><\/h3>\n<p>Vous trouverez ci-dessous une explication plus d\u00e9taill\u00e9e de chaque type de cookie, de sa dur\u00e9e, de sa propri\u00e9t\u00e9, de son objectif et de ses domaines : Google Analytics est un service d&#039;analyse Web fourni par Google, Inc., une soci\u00e9t\u00e9 du Delaware dont le si\u00e8ge social est situ\u00e9 au 1600 Amphitheatre Parkway, Mountain View (Californie), CA94043, \u00c9tats-Unis (\u00ab Google \u00bb) : Google Analytics utilise les cookies suivants : _ga, _gat, _gid, et d&#039;autres cookies \u00e9ventuels \u00e0 charger par le service de surveillance des visites de Google.<span class=\"Apple-converted-space\">&nbsp;<\/span><\/p>\n<p><strong>Ils sont utilis\u00e9s pour :<span class=\"Apple-converted-space\">&nbsp;<\/span><\/strong><\/p>\n<ul>\n<li>Faites une estimation des nombres et des mod\u00e8les d\u2019utilisation.<\/li>\n<li>Stockez des informations sur vos pr\u00e9f\u00e9rences et personnalisez notre site Web en fonction de vos int\u00e9r\u00eats individuels.<\/li>\n<li>Acc\u00e9l\u00e9rez vos recherches.<\/li>\n<li>Vous reconna\u00eetre lorsque vous revenez sur notre site.<\/li>\n<li>G\u00e9n\u00e9rer un identifiant utilisateur unique, qui est utilis\u00e9 pour compter le nombre de fois qu&#039;un utilisateur visite le site, ainsi que la date de la premi\u00e8re et de la derni\u00e8re fois qu&#039;il a visit\u00e9 le site Web.<\/li>\n<li>Enregistrer la date et l\u2019heure d\u2019acc\u00e8s \u00e0 l\u2019une des pages du Site.<\/li>\n<li>V\u00e9rifiez la n\u00e9cessit\u00e9 de maintenir une session utilisateur ouverte ou d&#039;en cr\u00e9er une nouvelle.<\/li>\n<li>Identifier la session de l&#039;utilisateur, afin de collecter la localisation g\u00e9ographique approximative de l&#039;ordinateur acc\u00e9dant au Site \u00e0 des fins statistiques. Ils peuvent \u00eatre \u00e0 la fois temporaires et persistants.<\/li>\n<\/ul>\t\t\t\t\t\t\t\t<\/div>\n\t\t\t\t<\/div>\n\t\t\t\t<div class=\"elementor-element elementor-element-16a4829 elementor-widget elementor-widget-spacer\" data-id=\"16a4829\" data-element_type=\"widget\" data-e-type=\"widget\" data-widget_type=\"spacer.default\">\n\t\t\t\t<div class=\"elementor-widget-container\">\n\t\t\t\t\t\t\t<div class=\"elementor-spacer\">\n\t\t\t<div class=\"elementor-spacer-inner\"><\/div>\n\t\t<\/div>\n\t\t\t\t\t\t<\/div>\n\t\t\t\t<\/div>\n\t\t\t\t\t<\/div>\n\t\t\t\t<\/div>\n\t\t\t\t<\/div>","protected":false},"excerpt":{"rendered":"<p>Pol\u00edtica de cookies El sitio Web utiliza un analizador de tr\u00e1fico que emplea peque\u00f1os archivos de informaci\u00f3n denominados y conocidos como \u201ccookies\u201d que el servidor env\u00eda al ordenador de quien accede a la p\u00e1gina web para el correcto funcionamiento y visualizaci\u00f3n de los sitios web por parte del usuario, as\u00ed como la recogida de datos [&hellip;]<\/p>\n","protected":false},"author":2,"featured_media":0,"parent":0,"menu_order":0,"comment_status":"closed","ping_status":"closed","template":"","meta":{"footnotes":""},"class_list":["post-1239","page","type-page","status-publish","hentry"],"yoast_head":"<!-- This site is optimized with the Yoast SEO plugin v25.1 - https:\/\/yoast.com\/wordpress\/plugins\/seo\/ -->\n<title>Pol\u00edtica de cookies - Albergue Las Ermitas de Vallada<\/title>\n<meta name=\"description\" content=\"Consulta nuestra Pol\u00edtica de Cookies y conoce c\u00f3mo usamos las cookies en Albergue Vallada. Gestiona tu privacidad y preferencias de navegaci\u00f3n.\" \/>\n<meta name=\"robots\" content=\"index, follow, max-snippet:-1, max-image-preview:large, max-video-preview:-1\" \/>\n<link rel=\"canonical\" href=\"https:\/\/alberguevallada.com\/fr\/politique-de-cookies\/\" \/>\n<meta property=\"og:locale\" content=\"fr_FR\" \/>\n<meta property=\"og:type\" content=\"article\" \/>\n<meta property=\"og:title\" content=\"Pol\u00edtica de cookies - Albergue Las Ermitas de Vallada\" \/>\n<meta property=\"og:description\" content=\"Consulta nuestra Pol\u00edtica de Cookies y conoce c\u00f3mo usamos las cookies en Albergue Vallada. Gestiona tu privacidad y preferencias de navegaci\u00f3n.\" \/>\n<meta property=\"og:url\" content=\"https:\/\/alberguevallada.com\/fr\/politique-de-cookies\/\" \/>\n<meta property=\"og:site_name\" content=\"Albergue Las Ermitas de Vallada\" \/>\n<meta property=\"article:modified_time\" content=\"2025-02-20T13:10:30+00:00\" \/>\n<meta name=\"twitter:card\" content=\"summary_large_image\" \/>\n<meta name=\"twitter:label1\" content=\"Dur\u00e9e de lecture estim\u00e9e\" \/>\n\t<meta name=\"twitter:data1\" content=\"3 minutes\" \/>\n<script type=\"application\/ld+json\" class=\"yoast-schema-graph\">{\"@context\":\"https:\/\/schema.org\",\"@graph\":[{\"@type\":\"WebPage\",\"@id\":\"https:\/\/alberguevallada.com\/politica-de-cookies\/\",\"url\":\"https:\/\/alberguevallada.com\/politica-de-cookies\/\",\"name\":\"Pol\u00edtica de cookies - Albergue Las Ermitas de Vallada\",\"isPartOf\":{\"@id\":\"https:\/\/alberguevallada.com\/#website\"},\"datePublished\":\"2025-02-20T11:49:52+00:00\",\"dateModified\":\"2025-02-20T13:10:30+00:00\",\"description\":\"Consulta nuestra Pol\u00edtica de Cookies y conoce c\u00f3mo usamos las cookies en Albergue Vallada. Gestiona tu privacidad y preferencias de navegaci\u00f3n.\",\"breadcrumb\":{\"@id\":\"https:\/\/alberguevallada.com\/politica-de-cookies\/#breadcrumb\"},\"inLanguage\":\"fr-FR\",\"potentialAction\":[{\"@type\":\"ReadAction\",\"target\":[\"https:\/\/alberguevallada.com\/politica-de-cookies\/\"]}]},{\"@type\":\"BreadcrumbList\",\"@id\":\"https:\/\/alberguevallada.com\/politica-de-cookies\/#breadcrumb\",\"itemListElement\":[{\"@type\":\"ListItem\",\"position\":1,\"name\":\"Portada\",\"item\":\"https:\/\/alberguevallada.com\/\"},{\"@type\":\"ListItem\",\"position\":2,\"name\":\"Pol\u00edtica de cookies\"}]},{\"@type\":\"WebSite\",\"@id\":\"https:\/\/alberguevallada.com\/#website\",\"url\":\"https:\/\/alberguevallada.com\/\",\"name\":\"Albergue Las Ermitas de Vallada\",\"description\":\"Naturaleza, deporte y buena comida\",\"publisher\":{\"@id\":\"https:\/\/alberguevallada.com\/#organization\"},\"potentialAction\":[{\"@type\":\"SearchAction\",\"target\":{\"@type\":\"EntryPoint\",\"urlTemplate\":\"https:\/\/alberguevallada.com\/?s={search_term_string}\"},\"query-input\":{\"@type\":\"PropertyValueSpecification\",\"valueRequired\":true,\"valueName\":\"search_term_string\"}}],\"inLanguage\":\"fr-FR\"},{\"@type\":\"Organization\",\"@id\":\"https:\/\/alberguevallada.com\/#organization\",\"name\":\"Albergue Las Ermitas de Vallada\",\"url\":\"https:\/\/alberguevallada.com\/\",\"logo\":{\"@type\":\"ImageObject\",\"inLanguage\":\"fr-FR\",\"@id\":\"https:\/\/alberguevallada.com\/#\/schema\/logo\/image\/\",\"url\":\"https:\/\/alberguevallada.com\/wp-content\/uploads\/2023\/02\/fav.png\",\"contentUrl\":\"https:\/\/alberguevallada.com\/wp-content\/uploads\/2023\/02\/fav.png\",\"width\":512,\"height\":512,\"caption\":\"Albergue Las Ermitas de Vallada\"},\"image\":{\"@id\":\"https:\/\/alberguevallada.com\/#\/schema\/logo\/image\/\"}}]}<\/script>\n<!-- \/ Yoast SEO plugin. -->","yoast_head_json":{"title":"Politique de Cookies - Auberge Las Ermitas de Vallada","description":"Veuillez consulter notre politique en mati\u00e8re de cookies et d\u00e9couvrir comment nous utilisons les cookies \u00e0 l&#039;Albergue Vallada. G\u00e9rez votre confidentialit\u00e9 et vos pr\u00e9f\u00e9rences de navigation.","robots":{"index":"index","follow":"follow","max-snippet":"max-snippet:-1","max-image-preview":"max-image-preview:large","max-video-preview":"max-video-preview:-1"},"canonical":"https:\/\/alberguevallada.com\/fr\/politique-de-cookies\/","og_locale":"fr_FR","og_type":"article","og_title":"Pol\u00edtica de cookies - Albergue Las Ermitas de Vallada","og_description":"Consulta nuestra Pol\u00edtica de Cookies y conoce c\u00f3mo usamos las cookies en Albergue Vallada. Gestiona tu privacidad y preferencias de navegaci\u00f3n.","og_url":"https:\/\/alberguevallada.com\/fr\/politique-de-cookies\/","og_site_name":"Albergue Las Ermitas de Vallada","article_modified_time":"2025-02-20T13:10:30+00:00","twitter_card":"summary_large_image","twitter_misc":{"Dur\u00e9e de lecture estim\u00e9e":"3 minutes"},"schema":{"@context":"https:\/\/schema.org","@graph":[{"@type":"WebPage","@id":"https:\/\/alberguevallada.com\/politica-de-cookies\/","url":"https:\/\/alberguevallada.com\/politica-de-cookies\/","name":"Politique de Cookies - Auberge Las Ermitas de Vallada","isPartOf":{"@id":"https:\/\/alberguevallada.com\/#website"},"datePublished":"2025-02-20T11:49:52+00:00","dateModified":"2025-02-20T13:10:30+00:00","description":"Veuillez consulter notre politique en mati\u00e8re de cookies et d\u00e9couvrir comment nous utilisons les cookies \u00e0 l&#039;Albergue Vallada. G\u00e9rez votre confidentialit\u00e9 et vos pr\u00e9f\u00e9rences de navigation.","breadcrumb":{"@id":"https:\/\/alberguevallada.com\/politica-de-cookies\/#breadcrumb"},"inLanguage":"fr-FR","potentialAction":[{"@type":"ReadAction","target":["https:\/\/alberguevallada.com\/politica-de-cookies\/"]}]},{"@type":"BreadcrumbList","@id":"https:\/\/alberguevallada.com\/politica-de-cookies\/#breadcrumb","itemListElement":[{"@type":"ListItem","position":1,"name":"Portada","item":"https:\/\/alberguevallada.com\/"},{"@type":"ListItem","position":2,"name":"Pol\u00edtica de cookies"}]},{"@type":"WebSite","@id":"https:\/\/alberguevallada.com\/#website","url":"https:\/\/alberguevallada.com\/","name":"Auberge Las Ermitas de Vallada","description":"Nature, sport et bonne cuisine","publisher":{"@id":"https:\/\/alberguevallada.com\/#organization"},"potentialAction":[{"@type":"SearchAction","target":{"@type":"EntryPoint","urlTemplate":"https:\/\/alberguevallada.com\/?s={search_term_string}"},"query-input":{"@type":"PropertyValueSpecification","valueRequired":true,"valueName":"search_term_string"}}],"inLanguage":"fr-FR"},{"@type":"Organization","@id":"https:\/\/alberguevallada.com\/#organization","name":"Auberge Las Ermitas de Vallada","url":"https:\/\/alberguevallada.com\/","logo":{"@type":"ImageObject","inLanguage":"fr-FR","@id":"https:\/\/alberguevallada.com\/#\/schema\/logo\/image\/","url":"https:\/\/alberguevallada.com\/wp-content\/uploads\/2023\/02\/fav.png","contentUrl":"https:\/\/alberguevallada.com\/wp-content\/uploads\/2023\/02\/fav.png","width":512,"height":512,"caption":"Albergue Las Ermitas de Vallada"},"image":{"@id":"https:\/\/alberguevallada.com\/#\/schema\/logo\/image\/"}}]}},"_links":{"self":[{"href":"https:\/\/alberguevallada.com\/fr\/wp-json\/wp\/v2\/pages\/1239","targetHints":{"allow":["GET"]}}],"collection":[{"href":"https:\/\/alberguevallada.com\/fr\/wp-json\/wp\/v2\/pages"}],"about":[{"href":"https:\/\/alberguevallada.com\/fr\/wp-json\/wp\/v2\/types\/page"}],"author":[{"embeddable":true,"href":"https:\/\/alberguevallada.com\/fr\/wp-json\/wp\/v2\/users\/2"}],"replies":[{"embeddable":true,"href":"https:\/\/alberguevallada.com\/fr\/wp-json\/wp\/v2\/comments?post=1239"}],"version-history":[{"count":7,"href":"https:\/\/alberguevallada.com\/fr\/wp-json\/wp\/v2\/pages\/1239\/revisions"}],"predecessor-version":[{"id":1246,"href":"https:\/\/alberguevallada.com\/fr\/wp-json\/wp\/v2\/pages\/1239\/revisions\/1246"}],"wp:attachment":[{"href":"https:\/\/alberguevallada.com\/fr\/wp-json\/wp\/v2\/media?parent=1239"}],"curies":[{"name":"wp","href":"https:\/\/api.w.org\/{rel}","templated":true}]}}