{"id":1234,"date":"2025-02-20T11:42:48","date_gmt":"2025-02-20T11:42:48","guid":{"rendered":"https:\/\/alberguevallada.com\/?page_id=1234"},"modified":"2025-02-20T13:11:20","modified_gmt":"2025-02-20T13:11:20","slug":"politique-de-confidentialite","status":"publish","type":"page","link":"https:\/\/alberguevallada.com\/fr\/politique-de-confidentialite\/","title":{"rendered":"Politique de confidentialit\u00e9"},"content":{"rendered":"<div data-elementor-type=\"wp-page\" data-elementor-id=\"1234\" class=\"elementor elementor-1234\" data-elementor-post-type=\"page\">\n\t\t\t\t<div class=\"elementor-element elementor-element-9894ed3 e-flex e-con-boxed e-con e-parent\" data-id=\"9894ed3\" data-element_type=\"container\" data-e-type=\"container\">\n\t\t\t\t\t<div class=\"e-con-inner\">\n\t\t\t\t<div class=\"elementor-element elementor-element-585cf7c elementor-widget elementor-widget-spacer\" data-id=\"585cf7c\" data-element_type=\"widget\" data-e-type=\"widget\" data-widget_type=\"spacer.default\">\n\t\t\t\t<div class=\"elementor-widget-container\">\n\t\t\t\t\t\t\t<div class=\"elementor-spacer\">\n\t\t\t<div class=\"elementor-spacer-inner\"><\/div>\n\t\t<\/div>\n\t\t\t\t\t\t<\/div>\n\t\t\t\t<\/div>\n\t\t\t\t<div class=\"elementor-element elementor-element-4b36e11 elementor-widget elementor-widget-heading\" data-id=\"4b36e11\" data-element_type=\"widget\" data-e-type=\"widget\" data-widget_type=\"heading.default\">\n\t\t\t\t<div class=\"elementor-widget-container\">\n\t\t\t\t\t<h1 class=\"elementor-heading-title elementor-size-default\">Politique de confidentialit\u00e9<\/h1>\t\t\t\t<\/div>\n\t\t\t\t<\/div>\n\t\t\t\t<div class=\"elementor-element elementor-element-c879c2d elementor-widget elementor-widget-text-editor\" data-id=\"c879c2d\" data-element_type=\"widget\" data-e-type=\"widget\" data-widget_type=\"text-editor.default\">\n\t\t\t\t<div class=\"elementor-widget-container\">\n\t\t\t\t\t\t\t\t\t<p>ALBERTO MENGUAL PITARCH, en application de la l\u00e9gislation en vigueur sur la protection des donn\u00e9es personnelles, informe que les donn\u00e9es personnelles collect\u00e9es \u00e0 travers les formulaires du site web : https:\/\/alberguevallada.com\/, sont incluses dans les fichiers automatis\u00e9s sp\u00e9cifiques des utilisateurs des services de https:\/\/alberguevallada.com\/.<\/p><p>La collecte et le traitement automatis\u00e9 des donn\u00e9es personnelles ont pour but de maintenir la relation commerciale et l'ex\u00e9cution des activit\u00e9s d'information, de conseil et autres indiqu\u00e9es tant dans la pr\u00e9sente politique que dans les formulaires publi\u00e9s sur ce site. Ces donn\u00e9es ne seront c\u00e9d\u00e9es qu'aux entit\u00e9s n\u00e9cessaires dans le seul but de respecter la finalit\u00e9 susmentionn\u00e9e.<\/p><p>ALBERTO MENGUAL PITARCH adopte les mesures n\u00e9cessaires pour garantir la s\u00e9curit\u00e9, l'int\u00e9grit\u00e9 et la confidentialit\u00e9 des donn\u00e9es conform\u00e9ment aux dispositions du R\u00e8glement (UE) 2016\/679 du Parlement europ\u00e9en et du Conseil du 27 avril 2016 relatif \u00e0 la protection des personnes physiques \u00e0 l'\u00e9gard du traitement des donn\u00e9es \u00e0 caract\u00e8re personnel et \u00e0 la libre circulation de ces donn\u00e9es.<\/p><p>L'utilisateur peut \u00e0 tout moment exercer les droits d'acc\u00e8s, d'opposition, de rectification et d'annulation reconnus dans le r\u00e8glement (UE) susmentionn\u00e9. L'utilisateur peut exercer ces droits en envoyant un courrier \u00e9lectronique \u00e0 : info@alberguevallada.com ou \u00e0 l'adresse suivante : Pol\u00edgono 11, parcela 77, 46691, Vallada, Valencia.<\/p><p>L'utilisateur d\u00e9clare que toutes les donn\u00e9es qu'il a fournies sont vraies et correctes et s'engage \u00e0 les tenir \u00e0 jour, en communiquant tout changement \u00e0 info@alberguevallada.com.<\/p><h2>Finalit\u00e9 du traitement des donn\u00e9es \u00e0 caract\u00e8re personnel<\/h2><h3>\u00c0 quelles fins traitons-nous vos donn\u00e9es \u00e0 caract\u00e8re personnel ?<\/h3><p>ALBERTO MENGUAL PITARCH, traitera vos donn\u00e9es personnelles collect\u00e9es par le biais du site Web : https:\/\/alberguevallada.com\/ , aux fins suivantes :<\/p><ol><li>En cas d'achat de biens et de services offerts par l'interm\u00e9diaire de https:\/\/alberguevallada.com\/ , pour maintenir la relation contractuelle, ainsi que pour la gestion, l'administration, l'information, la fourniture et l'am\u00e9lioration du service.<\/li><li>Envoi des informations demand\u00e9es au moyen des formulaires disponibles sur le site https:\/\/alberguevallada.com\/.<\/li><\/ol><p>Nous vous rappelons que vous pouvez vous opposer \u00e0 l'envoi de communications commerciales par tout moyen et \u00e0 tout moment en envoyant un courrier \u00e9lectronique \u00e0 l'adresse indiqu\u00e9e ci-dessus.<\/p><p>Les champs de ces registres doivent \u00eatre remplis et il est impossible de r\u00e9aliser les objectifs exprim\u00e9s si ces donn\u00e9es ne sont pas fournies.<\/p><h3>Combien de temps les donn\u00e9es personnelles collect\u00e9es seront-elles conserv\u00e9es ?<\/h3><p>Les donn\u00e9es personnelles fournies seront conserv\u00e9es aussi longtemps que la relation commerciale est maintenue ou que vous ne demandez pas leur suppression et pendant la p\u00e9riode au cours de laquelle des responsabilit\u00e9s l\u00e9gales peuvent d\u00e9couler des services fournis.<\/p><h3>L\u00e9gitimation<\/h3><p>Le traitement de vos donn\u00e9es est effectu\u00e9 sur la base des fondements juridiques suivants qui le l\u00e9gitiment :<\/p><ol><li>La demande d'information et\/ou l'engagement des services de https:\/\/alberguevallada.com\/, dont les termes et conditions seront mis \u00e0 votre disposition dans tous les cas, avant tout engagement \u00e9ventuel.<\/li><li>Consentement libre, sp\u00e9cifique, \u00e9clair\u00e9 et sans \u00e9quivoque, dans la mesure o\u00f9 nous vous informons en mettant \u00e0 votre disposition la pr\u00e9sente politique de protection de la vie priv\u00e9e, que vous pouvez accepter, apr\u00e8s l'avoir lue, au moyen d'une d\u00e9claration ou d'une action affirmative claire, par exemple en cochant une case pr\u00e9vue \u00e0 cet effet.<\/li><li>Si vous ne nous fournissez pas vos coordonn\u00e9es, ou si vous les fournissez de mani\u00e8re incorrecte ou incompl\u00e8te, nous ne serons pas en mesure de traiter votre demande, ce qui nous emp\u00eachera de vous fournir les informations demand\u00e9es ou d'ex\u00e9cuter le contrat de services.<\/li><\/ol><h3>Destinataires<\/h3><p>Les donn\u00e9es ne seront pas communiqu\u00e9es \u00e0 des tiers en dehors de https:\/\/alberguevallada.com\/, sauf en cas d'obligation l\u00e9gale.<\/p><h3>Donn\u00e9es collect\u00e9es par les utilisateurs des services<\/h3><p>Dans les cas o\u00f9 l'utilisateur inclut des fichiers contenant des donn\u00e9es personnelles dans les serveurs d'h\u00e9bergement partag\u00e9, ALBERTO MENGUAL PITARCH ne sera pas tenu responsable du non-respect du RGPD par l'utilisateur.<\/p><h3>Conservation des donn\u00e9es conform\u00e9ment \u00e0 la LSSI<\/h3><p>ALBERTO MENGUAL PITARCH informe qu'en tant que fournisseur de services d'h\u00e9bergement de donn\u00e9es et en vertu des dispositions de la loi 34\/2002 du 11 juillet sur les services de la soci\u00e9t\u00e9 de l'information et le commerce \u00e9lectronique (LSSI), il conserve pendant une p\u00e9riode maximale de 12 mois les informations n\u00e9cessaires pour identifier l'origine des donn\u00e9es h\u00e9berg\u00e9es et l'heure \u00e0 laquelle le service a \u00e9t\u00e9 initi\u00e9. La conservation de ces donn\u00e9es n'affecte pas le secret des communications et ne peut \u00eatre utilis\u00e9e que dans le cadre d'une enqu\u00eate p\u00e9nale ou pour la sauvegarde de la s\u00e9curit\u00e9 publique, en \u00e9tant mise \u00e0 la disposition des juges et\/ou des tribunaux ou du minist\u00e8re qui en fait la demande.<\/p><p>La communication des donn\u00e9es aux forces et corps de l'\u00c9tat se fera conform\u00e9ment aux dispositions du r\u00e8glement sur la protection des donn\u00e9es \u00e0 caract\u00e8re personnel.<\/p><h3>Droits de propri\u00e9t\u00e9 intellectuelle<\/h3><p>ALBERTO MENGUAL PITARCH est titulaire de tous les droits d'auteur, de propri\u00e9t\u00e9 intellectuelle et industrielle, de savoir-faire et de tout autre droit li\u00e9 au contenu du site web https:\/\/alberguevallada.com\/ et aux services qui y sont propos\u00e9s, ainsi qu'aux programmes n\u00e9cessaires \u00e0 sa mise en \u0153uvre et \u00e0 l'information connexe.<\/p><p>La reproduction, la publication et\/ou l'utilisation du contenu, en tout ou en partie, du site web d'ALBERTO MENGUAL PITARCH, autre que pour un usage strictement priv\u00e9, n'est pas autoris\u00e9e sans l'accord \u00e9crit pr\u00e9alable d'ALBERTO MENGUAL PITARCH.<\/p><h3>Propri\u00e9t\u00e9 intellectuelle du contenu h\u00e9berg\u00e9<\/h3><p>L'utilisation contraire \u00e0 la l\u00e9gislation sur la propri\u00e9t\u00e9 intellectuelle des services fournis par ALBERTO MENGUAL PITARCH et, en particulier, de :<\/p><ul><li>Utilisation contraire \u00e0 la loi espagnole ou portant atteinte aux droits de tiers.<\/li><li>La publication ou la transmission de tout contenu qui, de l'avis d'ALBERTO MENGUAL PITARCH, est violent, obsc\u00e8ne, abusif, ill\u00e9gal, racial, x\u00e9nophobe ou diffamatoire.<\/li><li>Les cracks, les num\u00e9ros de s\u00e9rie de logiciels ou tout autre contenu qui enfreint les droits de propri\u00e9t\u00e9 intellectuelle de tiers.<\/li><li>La collecte et\/ou l'utilisation de donn\u00e9es personnelles d'autres utilisateurs sans leur consentement expr\u00e8s ou en contravention avec les dispositions du R\u00e8glement (UE) 2016\/679 du Parlement europ\u00e9en et du Conseil du 27 avril 2016 relatif \u00e0 la protection des personnes physiques \u00e0 l'\u00e9gard du traitement des donn\u00e9es \u00e0 caract\u00e8re personnel et \u00e0 la libre circulation de ces donn\u00e9es.<\/li><li>L'utilisation du serveur de messagerie et des adresses \u00e9lectroniques du domaine pour l'envoi de courriers \u00e9lectroniques en masse non sollicit\u00e9s.<\/li><\/ul><p>L'utilisateur est enti\u00e8rement responsable du contenu de son site web, des informations transmises et stock\u00e9es, des liens hypertextes, des r\u00e9clamations de tiers et des actions en justice relatives \u00e0 la propri\u00e9t\u00e9 intellectuelle.<\/p><h3>Droits des tiers et protection des mineurs<\/h3><p>L'utilisateur est responsable du respect des lois et r\u00e8glements en vigueur et des r\u00e8gles concernant le fonctionnement du service en ligne, le commerce \u00e9lectronique, les droits d'auteur, le maintien de l'ordre public, ainsi que les principes universels d'utilisation de l'Internet.<\/p><p>L'utilisateur indemnisera ALBERTO MENGUAL PITARCH pour les frais encourus par l'imputation dans toute affaire dont l'utilisateur est responsable, y compris les frais de d\u00e9fense juridique et les d\u00e9penses, m\u00eame dans le cas d'une d\u00e9cision de justice non d\u00e9finitive.<\/p><h3>Protection des informations h\u00e9berg\u00e9es<\/h3><p>ALBERTO MENGUAL PITARCH effectue des copies de sauvegarde des contenus h\u00e9berg\u00e9s sur ses serveurs, mais n'est pas responsable de la perte ou de l'effacement accidentel des donn\u00e9es par les utilisateurs. De m\u00eame, il ne garantit pas le remplacement total des donn\u00e9es supprim\u00e9es par les utilisateurs, \u00e9tant donn\u00e9 que ces donn\u00e9es peuvent avoir \u00e9t\u00e9 supprim\u00e9es et\/ou modifi\u00e9es au cours de la p\u00e9riode \u00e9coul\u00e9e depuis la derni\u00e8re copie de sauvegarde.<\/p><p>Les services offerts, \u00e0 l'exception des services sp\u00e9cifiques de sauvegarde, n'incluent pas le remplacement des contenus conserv\u00e9s dans les copies de sauvegarde r\u00e9alis\u00e9es par ALBERTO MENGUAL PITARCH , lorsque cette perte est imputable \u00e0 l'utilisateur ; dans ce cas, un tarif sera d\u00e9termin\u00e9 en fonction de la complexit\u00e9 et du volume de la r\u00e9cup\u00e9ration, toujours avec l'acceptation pr\u00e9alable de l'utilisateur.<\/p><p>Le remplacement des donn\u00e9es supprim\u00e9es n'est inclus dans le prix du service que si la perte du contenu est due \u00e0 des causes imputables \u00e0 ALBERTO MENGUAL PITARCH.<\/p><h3>Communications commerciales<\/h3><p>En application de la LSSI. ALBERTO MENGUAL PITARCH n'enverra pas de communications publicitaires ou promotionnelles par courrier \u00e9lectronique ou tout autre moyen \u00e9quivalent de communication \u00e9lectronique qui n'ont pas \u00e9t\u00e9 pr\u00e9alablement demand\u00e9es ou express\u00e9ment autoris\u00e9es par les destinataires de ces communications.<\/p><p>Dans le cas d'utilisateurs avec lesquels il existe une relation contractuelle ant\u00e9rieure, ALBERTO MENGUAL PITARCH est autoris\u00e9 \u00e0 envoyer des communications commerciales concernant des produits ou des services de https:\/\/alberguevallada.com\/ similaires \u00e0 ceux initialement contract\u00e9s avec le client.<\/p><p>Dans tous les cas, l'utilisateur, apr\u00e8s avoir prouv\u00e9 son identit\u00e9, peut demander qu'aucune autre information commerciale ne lui soit envoy\u00e9e par l'interm\u00e9diaire des canaux du service client\u00e8le.<\/p>\t\t\t\t\t\t\t\t<\/div>\n\t\t\t\t<\/div>\n\t\t\t\t<div class=\"elementor-element elementor-element-16a4829 elementor-widget elementor-widget-spacer\" data-id=\"16a4829\" data-element_type=\"widget\" data-e-type=\"widget\" data-widget_type=\"spacer.default\">\n\t\t\t\t<div class=\"elementor-widget-container\">\n\t\t\t\t\t\t\t<div class=\"elementor-spacer\">\n\t\t\t<div class=\"elementor-spacer-inner\"><\/div>\n\t\t<\/div>\n\t\t\t\t\t\t<\/div>\n\t\t\t\t<\/div>\n\t\t\t\t\t<\/div>\n\t\t\t\t<\/div>\n\t\t\t\t<\/div>","protected":false},"excerpt":{"rendered":"<p>Pol\u00edtica de privacidad ALBERTO MENGUAL PITARCH, en aplicaci\u00f3n de la normativa vigente en materia de protecci\u00f3n de datos de car\u00e1cter personal, informa que los datos personales que se recogen a trav\u00e9s de los formularios del Sitio web: https:\/\/alberguevallada.com\/, se incluyen en los ficheros automatizados espec\u00edficos de usuarios de los servicios de https:\/\/alberguevallada.com\/ La recogida y [&hellip;]<\/p>\n","protected":false},"author":2,"featured_media":0,"parent":0,"menu_order":0,"comment_status":"closed","ping_status":"closed","template":"","meta":{"footnotes":""},"class_list":["post-1234","page","type-page","status-publish","hentry"],"yoast_head":"<!-- This site is optimized with the Yoast SEO plugin v25.1 - https:\/\/yoast.com\/wordpress\/plugins\/seo\/ -->\n<title>Pol\u00edtica de privacidad - Albergue Las Ermitas de Vallada<\/title>\n<meta name=\"description\" content=\"Consulta nuestra Pol\u00edtica de Privacidad y conoce c\u00f3mo protegemos tus datos en Albergue Vallada. Transparencia y seguridad.\" \/>\n<meta name=\"robots\" content=\"index, follow, max-snippet:-1, max-image-preview:large, max-video-preview:-1\" \/>\n<link rel=\"canonical\" href=\"https:\/\/alberguevallada.com\/fr\/politique-de-confidentialite\/\" \/>\n<meta property=\"og:locale\" content=\"fr_FR\" \/>\n<meta property=\"og:type\" content=\"article\" \/>\n<meta property=\"og:title\" content=\"Pol\u00edtica de privacidad - Albergue Las Ermitas de Vallada\" \/>\n<meta property=\"og:description\" content=\"Consulta nuestra Pol\u00edtica de Privacidad y conoce c\u00f3mo protegemos tus datos en Albergue Vallada. Transparencia y seguridad.\" \/>\n<meta property=\"og:url\" content=\"https:\/\/alberguevallada.com\/fr\/politique-de-confidentialite\/\" \/>\n<meta property=\"og:site_name\" content=\"Albergue Las Ermitas de Vallada\" \/>\n<meta property=\"article:modified_time\" content=\"2025-02-20T13:11:20+00:00\" \/>\n<meta name=\"twitter:card\" content=\"summary_large_image\" \/>\n<meta name=\"twitter:label1\" content=\"Dur\u00e9e de lecture estim\u00e9e\" \/>\n\t<meta name=\"twitter:data1\" content=\"7 minutes\" \/>\n<script type=\"application\/ld+json\" class=\"yoast-schema-graph\">{\"@context\":\"https:\/\/schema.org\",\"@graph\":[{\"@type\":\"WebPage\",\"@id\":\"https:\/\/alberguevallada.com\/politica-de-privacidad\/\",\"url\":\"https:\/\/alberguevallada.com\/politica-de-privacidad\/\",\"name\":\"Pol\u00edtica de privacidad - Albergue Las Ermitas de Vallada\",\"isPartOf\":{\"@id\":\"https:\/\/alberguevallada.com\/#website\"},\"datePublished\":\"2025-02-20T11:42:48+00:00\",\"dateModified\":\"2025-02-20T13:11:20+00:00\",\"description\":\"Consulta nuestra Pol\u00edtica de Privacidad y conoce c\u00f3mo protegemos tus datos en Albergue Vallada. Transparencia y seguridad.\",\"breadcrumb\":{\"@id\":\"https:\/\/alberguevallada.com\/politica-de-privacidad\/#breadcrumb\"},\"inLanguage\":\"fr-FR\",\"potentialAction\":[{\"@type\":\"ReadAction\",\"target\":[\"https:\/\/alberguevallada.com\/politica-de-privacidad\/\"]}]},{\"@type\":\"BreadcrumbList\",\"@id\":\"https:\/\/alberguevallada.com\/politica-de-privacidad\/#breadcrumb\",\"itemListElement\":[{\"@type\":\"ListItem\",\"position\":1,\"name\":\"Portada\",\"item\":\"https:\/\/alberguevallada.com\/\"},{\"@type\":\"ListItem\",\"position\":2,\"name\":\"Pol\u00edtica de privacidad\"}]},{\"@type\":\"WebSite\",\"@id\":\"https:\/\/alberguevallada.com\/#website\",\"url\":\"https:\/\/alberguevallada.com\/\",\"name\":\"Albergue Las Ermitas de Vallada\",\"description\":\"Naturaleza, deporte y buena comida\",\"publisher\":{\"@id\":\"https:\/\/alberguevallada.com\/#organization\"},\"potentialAction\":[{\"@type\":\"SearchAction\",\"target\":{\"@type\":\"EntryPoint\",\"urlTemplate\":\"https:\/\/alberguevallada.com\/?s={search_term_string}\"},\"query-input\":{\"@type\":\"PropertyValueSpecification\",\"valueRequired\":true,\"valueName\":\"search_term_string\"}}],\"inLanguage\":\"fr-FR\"},{\"@type\":\"Organization\",\"@id\":\"https:\/\/alberguevallada.com\/#organization\",\"name\":\"Albergue Las Ermitas de Vallada\",\"url\":\"https:\/\/alberguevallada.com\/\",\"logo\":{\"@type\":\"ImageObject\",\"inLanguage\":\"fr-FR\",\"@id\":\"https:\/\/alberguevallada.com\/#\/schema\/logo\/image\/\",\"url\":\"https:\/\/alberguevallada.com\/wp-content\/uploads\/2023\/02\/fav.png\",\"contentUrl\":\"https:\/\/alberguevallada.com\/wp-content\/uploads\/2023\/02\/fav.png\",\"width\":512,\"height\":512,\"caption\":\"Albergue Las Ermitas de Vallada\"},\"image\":{\"@id\":\"https:\/\/alberguevallada.com\/#\/schema\/logo\/image\/\"}}]}<\/script>\n<!-- \/ Yoast SEO plugin. -->","yoast_head_json":{"title":"Politique de confidentialit\u00e9 - Las Ermitas de Vallada Hostel","description":"Consultez notre politique de confidentialit\u00e9 et d\u00e9couvrez comment nous prot\u00e9geons vos donn\u00e9es \u00e0 l'Albergue Vallada. Transparence et s\u00e9curit\u00e9.","robots":{"index":"index","follow":"follow","max-snippet":"max-snippet:-1","max-image-preview":"max-image-preview:large","max-video-preview":"max-video-preview:-1"},"canonical":"https:\/\/alberguevallada.com\/fr\/politique-de-confidentialite\/","og_locale":"fr_FR","og_type":"article","og_title":"Pol\u00edtica de privacidad - Albergue Las Ermitas de Vallada","og_description":"Consulta nuestra Pol\u00edtica de Privacidad y conoce c\u00f3mo protegemos tus datos en Albergue Vallada. Transparencia y seguridad.","og_url":"https:\/\/alberguevallada.com\/fr\/politique-de-confidentialite\/","og_site_name":"Albergue Las Ermitas de Vallada","article_modified_time":"2025-02-20T13:11:20+00:00","twitter_card":"summary_large_image","twitter_misc":{"Dur\u00e9e de lecture estim\u00e9e":"7 minutes"},"schema":{"@context":"https:\/\/schema.org","@graph":[{"@type":"WebPage","@id":"https:\/\/alberguevallada.com\/politica-de-privacidad\/","url":"https:\/\/alberguevallada.com\/politica-de-privacidad\/","name":"Politique de confidentialit\u00e9 - Las Ermitas de Vallada Hostel","isPartOf":{"@id":"https:\/\/alberguevallada.com\/#website"},"datePublished":"2025-02-20T11:42:48+00:00","dateModified":"2025-02-20T13:11:20+00:00","description":"Consultez notre politique de confidentialit\u00e9 et d\u00e9couvrez comment nous prot\u00e9geons vos donn\u00e9es \u00e0 l'Albergue Vallada. Transparence et s\u00e9curit\u00e9.","breadcrumb":{"@id":"https:\/\/alberguevallada.com\/politica-de-privacidad\/#breadcrumb"},"inLanguage":"fr-FR","potentialAction":[{"@type":"ReadAction","target":["https:\/\/alberguevallada.com\/politica-de-privacidad\/"]}]},{"@type":"BreadcrumbList","@id":"https:\/\/alberguevallada.com\/politica-de-privacidad\/#breadcrumb","itemListElement":[{"@type":"ListItem","position":1,"name":"Portada","item":"https:\/\/alberguevallada.com\/"},{"@type":"ListItem","position":2,"name":"Pol\u00edtica de privacidad"}]},{"@type":"WebSite","@id":"https:\/\/alberguevallada.com\/#website","url":"https:\/\/alberguevallada.com\/","name":"Auberge Las Ermitas de Vallada","description":"Nature, sport et bonne cuisine","publisher":{"@id":"https:\/\/alberguevallada.com\/#organization"},"potentialAction":[{"@type":"SearchAction","target":{"@type":"EntryPoint","urlTemplate":"https:\/\/alberguevallada.com\/?s={search_term_string}"},"query-input":{"@type":"PropertyValueSpecification","valueRequired":true,"valueName":"search_term_string"}}],"inLanguage":"fr-FR"},{"@type":"Organization","@id":"https:\/\/alberguevallada.com\/#organization","name":"Auberge Las Ermitas de Vallada","url":"https:\/\/alberguevallada.com\/","logo":{"@type":"ImageObject","inLanguage":"fr-FR","@id":"https:\/\/alberguevallada.com\/#\/schema\/logo\/image\/","url":"https:\/\/alberguevallada.com\/wp-content\/uploads\/2023\/02\/fav.png","contentUrl":"https:\/\/alberguevallada.com\/wp-content\/uploads\/2023\/02\/fav.png","width":512,"height":512,"caption":"Albergue Las Ermitas de Vallada"},"image":{"@id":"https:\/\/alberguevallada.com\/#\/schema\/logo\/image\/"}}]}},"_links":{"self":[{"href":"https:\/\/alberguevallada.com\/fr\/wp-json\/wp\/v2\/pages\/1234","targetHints":{"allow":["GET"]}}],"collection":[{"href":"https:\/\/alberguevallada.com\/fr\/wp-json\/wp\/v2\/pages"}],"about":[{"href":"https:\/\/alberguevallada.com\/fr\/wp-json\/wp\/v2\/types\/page"}],"author":[{"embeddable":true,"href":"https:\/\/alberguevallada.com\/fr\/wp-json\/wp\/v2\/users\/2"}],"replies":[{"embeddable":true,"href":"https:\/\/alberguevallada.com\/fr\/wp-json\/wp\/v2\/comments?post=1234"}],"version-history":[{"count":4,"href":"https:\/\/alberguevallada.com\/fr\/wp-json\/wp\/v2\/pages\/1234\/revisions"}],"predecessor-version":[{"id":1238,"href":"https:\/\/alberguevallada.com\/fr\/wp-json\/wp\/v2\/pages\/1234\/revisions\/1238"}],"wp:attachment":[{"href":"https:\/\/alberguevallada.com\/fr\/wp-json\/wp\/v2\/media?parent=1234"}],"curies":[{"name":"wp","href":"https:\/\/api.w.org\/{rel}","templated":true}]}}